{"id":137,"date":"2013-02-11T16:11:25","date_gmt":"2013-02-11T14:11:25","guid":{"rendered":"http:\/\/dev.resources-roots.com\/?page_id=137"},"modified":"2020-11-17T00:27:05","modified_gmt":"2020-11-16T22:27:05","slug":"services-2","status":"publish","type":"page","link":"https:\/\/www.resources-roots.com\/de\/services-2\/","title":{"rendered":"Services"},"content":{"rendered":"<h2>Unsere Dienstleistungen<\/h2>\n<p>3R Engagement ist spezialisiert auf Investor Relationship Dienstleistungen f\u00fcr Blue-Chips, Small- and Mid-Caps und Anleihen-Emittenten auf den internationalen Kapitalm\u00e4rkten.<br \/>\nUnsere T\u00e4tigkeit fokussiert auf Bereiche nachhaltiger Investments und auf Rohstoffm\u00e4rkte. Unser wichtiges Netzwerk erstreckt sich zwischen Z\u00fcrich, Helsinki und Toronto. Seit 2012 haben wir unsere Gesch\u00e4ftskontakte auf Nordafrika erweitert.<\/p>\n<blockquote><p>Passion &amp; Commitment,<br \/>\nKnow-How<br \/>\nare provided to focus on your needs<\/p><\/blockquote>\n<p>Mit Schwerpunkt auf Unternehmen aus dem Bereich ethisch-\u00f6kologischer und sozial-verantwortlicher Geldanlagen f\u00f6rdert unser Engagement wertvermehrende Verbindungen zwischen Wirtschafts- und Gesellschafts-Playern der internationalen Kapitalm\u00e4rkte und Unternehmen, welche gezielte Interessen f\u00fcr nachhaltiges Wirtschaftshandeln zeigen.<\/p>\n<blockquote><p>Promoting Diversity and Respect Difference<br \/>\nAcutely Observed<br \/>\nEvocatively Realised<\/p><\/blockquote>\n<p>3R Engagement IR arbeitet mit einer vielf\u00e4ltigen Palette von qualifizierten Investor Relations Methoden:<\/p>\n<h3>Roadshows: Ihre pers\u00f6nliche Verbindung zu Investoren<\/h3>\n<p>Professionelle Veranstaltung von Roadshows und Pr\u00e4sentationen, pers\u00f6nliche Vorstellung in den Investorenkreisen\u00a0 oder \u00abone on one\u00bb-Meetings. Vermittlung von institutionellen und privaten Investorenkontakten und Zugang zu Research-Experten sind unsere St\u00e4rke. Wir arbeiten in mehreren Sprachen und k\u00f6nnen unsere Kommunikationskompetenzen schnell und effizient in allen Kontinenten\/ Sprachregionen einsetzen.<\/p>\n<h3>Steigern Sie die gute Reputation Ihres Unternehmens: Services f\u00fcr institutionelle Investor Relations<\/h3>\n<p>Beziehungspflege zu Investoren, Verm\u00f6gensverwaltern und Finanzanalysten.<br \/>\nLassen Sie durch uns die Kontinuit\u00e4t Ihrer Beziehungen zu Investoren und Analysten aufrechterhalten und optimieren. Wir helfen Ihnen Gesch\u00e4ftsinteressen und Zielgruppen effizient zu erreichen. Ganzheitlicher Service f\u00fcr Identifizierung, Anbahnung von Kontakten und Aufbaubeziehungen von und zu Investoren. Vermittlung von Analysten-Kontakten im internationalen Umfeld. Regelm\u00e4ssige Berichterstattung Ihrer Erfolge in unserer w\u00f6chentlichen Informationsplattform \u00abView Pick\u00bb.<\/p>\n<h3>Nachhaltigkeitsberichte &amp; -Research<\/h3>\n<p><strong>Investor Relationship Management mit besonderem Einsatz:<\/strong> Wir unterst\u00fctzen individuelle Entscheidungsinstrumente f\u00fcr fortschrittliches Geldanlegen \u00abProfit Plus\u00bb: 3R Engagement erarbeitet und liefert Nachhaltigkeitsstudien von M\u00e4rkten, L\u00e4ndern, Wirtschaftssektoren, Emittenten und Unternehmen.<\/p>\n<p><strong>Mit Nachhaltigkeitsberichterstattung Vertrauen der M\u00e4rkte gewinnen und befestigen<\/strong><br \/>\nSozial-\u00f6kologische Investoren und Finanzanalysten fordern vermehrt von Unternehmungen systematisch erfasste Kennzahlen und qualitative Ausk\u00fcnfte \u00fcber deren nicht-finanziellen Leistungen \u2013 d.h. \u00fcber die ethisch-\u00f6kologische Dimension des Wirtschaftens.<\/p>\n<p><strong>Screening f\u00fcr Nachhaltigkeitsportfolios<\/strong><br \/>\nErstellen von eigenen Nachhaltigkeitsprofilen f\u00fcr Unternehmen\/Investoren, welche individuellen ethischen, sozialen und \u00f6kologischen Kriterien ihren Nachhaltigkeitsstandards vorausgehen.<\/p>\n<h3>Academic Counselling \/ Workshops\/Lectures \/ Readings<\/h3>\n<p><img loading=\"lazy\" class=\"alignleft size-thumbnail wp-image-146\" src=\"http:\/\/www.resources-roots.com\/wp-content\/uploads\/2013\/02\/toronto-eaton-centre-150x150.jpg\" alt=\"toronto-eaton-centre\" width=\"150\" height=\"150\" \/>Entscheidungen f\u00fcr den richtigen Wirtschaftspartner, f\u00fcr die richtige Geldanlagestrategie werden von Verbindungen und Werte-Vorstellungen gelenkt, welche im Kern der Angewandten Ethik verwurzelt sind. Unsere wissenschaftliche Beratung wird praxisorientiert als Katalysatorfunktion im Investor Relationship Management umgesetzt. Die Themenfelder unserer Forschungst\u00e4tigkeit umfassen Bereiche der Business- und Investment-Ethik mit Vorrang f\u00fcr die Sektoren \u00abGreen Energy\u00bb, Rohstoffgewinnung und Bergbau (\u00abgreen mining\u00bb), internationale Transporte.<\/p>\n<p>Gesellschaftsrelevante Themen aus sozialen und caritativen\/philanthropischen Lebensbereichen mit Bezug auf Diversit\u00e4t und kulturelle Aspekte geh\u00f6ren zu unserer Forschungs-Arbeit, im Hinblick auf die Investor Relationship Zusammenarbeit mit wohlt\u00e4tigen Organisationen, Stiftungen, etc.<br \/>\n3R Engagement erm\u00f6glicht, mittels quantitativer und qualitativer Analysen, dank interdisziplin\u00e4rer Forschungsarbeit, die Eigenschaften und Vorz\u00fcge eines nachhaltigen Investments aufzuzeigen.<\/p>\n<p>Beteiligung am Austausch von Wissen und Know-how in Wirtschafts- bzw. Unternehmensethik mit einem hohen Verantwortungsbewusstsein vor den grossen neuen Herausforderungen der globalen M\u00e4rkte ist f\u00fcr 3R Engagement ein stetiges Anliegen. Dies setzt einen Einsatz von konkreten Kriterien, Standards und interdisziplin\u00e4ren wissenschaftlichen Sachverstand voraus. Er ist getragen von unserer langj\u00e4hrigen professioneller Erfahrung und von der hohen Verantwortung f\u00fcr einen positiven Anstoss der Lehr- und Beratungst\u00e4tigkeit bei Seminaren, Konferenzen und Schulungen f\u00fcr Gesch\u00e4ftspartner.<\/p>\n<blockquote><p>Championing investors and companies<br \/>\nas real world environmental problem solvers<br \/>\nrather than simply as bystanders!<\/p><\/blockquote>\n<blockquote><p>\u00abChemie ist sehr poetisch\u2026<br \/>\nEgal ob man ein Gewehr macht oder ein Molek\u00fcl, ein Gem\u00e4lde oder ein Gedicht, man sollte immer fragen: K\u00f6nnte ich damit jemandem Schaden zuf\u00fcgen?\u00bb<br \/>\n<span class=\"quoteauthor\">Chemie Nobelpreistr\u00e4ger 1981, Roald Hoffmann<\/span><\/p><\/blockquote>\n","protected":false},"excerpt":{"rendered":"<p>Unsere Dienstleistungen 3R Engagement ist spezialisiert auf Investor Relationship Dienstleistungen f\u00fcr Blue-Chips, Small- and Mid-Caps und Anleihen-Emittenten auf den internationalen Kapitalm\u00e4rkten. Unsere T\u00e4tigkeit fokussiert auf Bereiche nachhaltiger Investments und auf Rohstoffm\u00e4rkte. Unser wichtiges Netzwerk erstreckt sich zwischen Z\u00fcrich, Helsinki und Toronto. Seit 2012 haben wir unsere Gesch\u00e4ftskontakte auf Nordafrika erweitert. Passion &amp; Commitment, Know-How are [&hellip;]<\/p>\n","protected":false},"author":1,"featured_media":0,"parent":0,"menu_order":0,"comment_status":"closed","ping_status":"closed","template":"","meta":[],"yoast_head":"<!-- This site is optimized with the Yoast SEO plugin v15.5 - https:\/\/yoast.com\/wordpress\/plugins\/seo\/ -->\n<title>Services - Responsible Resources &amp; Roots Engagement<\/title>\n<meta name=\"robots\" content=\"index, follow, max-snippet:-1, max-image-preview:large, max-video-preview:-1\" \/>\n<link rel=\"canonical\" href=\"https:\/\/www.resources-roots.com\/de\/services-2\/\" \/>\n<meta property=\"og:locale\" content=\"de_DE\" \/>\n<meta property=\"og:type\" content=\"article\" \/>\n<meta property=\"og:title\" content=\"Services - Responsible Resources &amp; Roots Engagement\" \/>\n<meta property=\"og:description\" content=\"Unsere Dienstleistungen 3R Engagement ist spezialisiert auf Investor Relationship Dienstleistungen f\u00fcr Blue-Chips, Small- and Mid-Caps und Anleihen-Emittenten auf den internationalen Kapitalm\u00e4rkten. Unsere T\u00e4tigkeit fokussiert auf Bereiche nachhaltiger Investments und auf Rohstoffm\u00e4rkte. Unser wichtiges Netzwerk erstreckt sich zwischen Z\u00fcrich, Helsinki und Toronto. Seit 2012 haben wir unsere Gesch\u00e4ftskontakte auf Nordafrika erweitert. Passion &amp; Commitment, Know-How are [&hellip;]\" \/>\n<meta property=\"og:url\" content=\"https:\/\/www.resources-roots.com\/de\/services-2\/\" \/>\n<meta property=\"og:site_name\" content=\"Responsible Resources &amp; Roots Engagement\" \/>\n<meta property=\"article:modified_time\" content=\"2020-11-16T22:27:05+00:00\" \/>\n<meta property=\"og:image\" content=\"http:\/\/www.resources-roots.com\/wp-content\/uploads\/2013\/02\/toronto-eaton-centre-150x150.jpg\" \/>\n<meta name=\"twitter:label1\" content=\"Gesch\u00e4tzte Lesezeit\">\n\t<meta name=\"twitter:data1\" content=\"2\u00a0Minuten\">\n<script type=\"application\/ld+json\" class=\"yoast-schema-graph\">{\"@context\":\"https:\/\/schema.org\",\"@graph\":[{\"@type\":\"WebSite\",\"@id\":\"https:\/\/www.resources-roots.com\/#website\",\"url\":\"https:\/\/www.resources-roots.com\/\",\"name\":\"Responsible Resources &amp; Roots Engagement\",\"description\":\"Zurich \\u2022 Helsinki \\u2022 Toronto\",\"potentialAction\":[{\"@type\":\"SearchAction\",\"target\":\"https:\/\/www.resources-roots.com\/?s={search_term_string}\",\"query-input\":\"required name=search_term_string\"}],\"inLanguage\":\"de\"},{\"@type\":\"ImageObject\",\"@id\":\"https:\/\/www.resources-roots.com\/de\/services-2\/#primaryimage\",\"inLanguage\":\"de\",\"url\":\"http:\/\/www.resources-roots.com\/wp-content\/uploads\/2013\/02\/toronto-eaton-centre-150x150.jpg\"},{\"@type\":\"WebPage\",\"@id\":\"https:\/\/www.resources-roots.com\/de\/services-2\/#webpage\",\"url\":\"https:\/\/www.resources-roots.com\/de\/services-2\/\",\"name\":\"Services - Responsible Resources &amp; Roots Engagement\",\"isPartOf\":{\"@id\":\"https:\/\/www.resources-roots.com\/#website\"},\"primaryImageOfPage\":{\"@id\":\"https:\/\/www.resources-roots.com\/de\/services-2\/#primaryimage\"},\"datePublished\":\"2013-02-11T14:11:25+00:00\",\"dateModified\":\"2020-11-16T22:27:05+00:00\",\"inLanguage\":\"de\",\"potentialAction\":[{\"@type\":\"ReadAction\",\"target\":[\"https:\/\/www.resources-roots.com\/de\/services-2\/\"]}]}]}<\/script>\n<!-- \/ Yoast SEO plugin. -->","_links":{"self":[{"href":"https:\/\/www.resources-roots.com\/de\/wp-json\/wp\/v2\/pages\/137"}],"collection":[{"href":"https:\/\/www.resources-roots.com\/de\/wp-json\/wp\/v2\/pages"}],"about":[{"href":"https:\/\/www.resources-roots.com\/de\/wp-json\/wp\/v2\/types\/page"}],"author":[{"embeddable":true,"href":"https:\/\/www.resources-roots.com\/de\/wp-json\/wp\/v2\/users\/1"}],"replies":[{"embeddable":true,"href":"https:\/\/www.resources-roots.com\/de\/wp-json\/wp\/v2\/comments?post=137"}],"version-history":[{"count":8,"href":"https:\/\/www.resources-roots.com\/de\/wp-json\/wp\/v2\/pages\/137\/revisions"}],"predecessor-version":[{"id":3068,"href":"https:\/\/www.resources-roots.com\/de\/wp-json\/wp\/v2\/pages\/137\/revisions\/3068"}],"wp:attachment":[{"href":"https:\/\/www.resources-roots.com\/de\/wp-json\/wp\/v2\/media?parent=137"}],"curies":[{"name":"wp","href":"https:\/\/api.w.org\/{rel}","templated":true}]}}