{"id":34,"date":"2013-01-11T11:58:30","date_gmt":"2013-01-11T09:58:30","guid":{"rendered":"http:\/\/dev.resources-roots.com\/?page_id=34"},"modified":"2020-11-17T00:19:47","modified_gmt":"2020-11-16T22:19:47","slug":"home-2","status":"publish","type":"page","link":"https:\/\/www.resources-roots.com\/de\/","title":{"rendered":"Willkommen bei Responsible Resources &#038; Roots Engagement"},"content":{"rendered":"<p>&nbsp;<\/p>\n<h3 style=\"text-align: left;\"><strong>Responsible Resources &amp; Roots Engagement (3R Engagement) verschafft Ihren Ressourcen die Bahnen zu Nachhaltigkeitsquellen.\u00a0<\/strong><\/h3>\n<p><img loading=\"lazy\" class=\"alignnone size-full wp-image-118\" style=\"font-size: 1rem; line-height: 1;\" src=\"http:\/\/www.resources-roots.com\/wp-content\/uploads\/2013\/01\/baum-quer.jpg\" alt=\"baum-quer\" width=\"630\" height=\"180\" srcset=\"https:\/\/www.resources-roots.com\/wp-content\/uploads\/2013\/01\/baum-quer.jpg 630w, https:\/\/www.resources-roots.com\/wp-content\/uploads\/2013\/01\/baum-quer-624x178.jpg 624w\" sizes=\"(max-width: 630px) 100vw, 630px\" \/><\/p>\n<p>Auf Nachhaltigkeitswerte basierende unternehmerische Verantwortung und der Ethik-Ansatz werden von 3R Engagement im Investor Relationship Management-Prozess gezielt darauf ausgerichtet, so dass den Unternehmen und Investoren des globalen nachhaltigen Wirtschaftswandels eine vorteilhafte proaktive Teilnahme erm\u00f6glicht wird und mit einem Wertzuwachs eine zus\u00e4tzliche soziale Dimension er\u00f6ffnet.<\/p>\n<p>Wirtschaftlicher Erfolg, schonender Umgang mit nat\u00fcrlichen Ressourcen und bewusst ausge\u00fcbte soziale Verantwortung werden f\u00fcr Unternehmen und Investoren zum komplement\u00e4ren Dialog und zu Engagement-Themen f\u00fcr das Investor Relationship Management von heute.<\/p>\n<p>Nicht allein die allgemeine F\u00f6rderung der Nachhaltigkeitswerte in unserer globalisierten Welt, sondern auch die proaktive F\u00f6rderung von Unternehmen im Kreislauf von nachhaltigem Ressourceneinsatz sind mit Vorteil besondere Aufgaben eines modernen global verantwortlichen Investor Relationship Managements. Der Ausgleich zwischen Shareholder-Modell und Stakeholder-Modell eines Unternehmens ist ein Erfolgsfaktor f\u00fcr langfristige Rentabilit\u00e4t.<\/p>\n<p>Pflege der Unternehmensethik, F\u00f6rderung der Gesch\u00e4ftskontakte und Erm\u00f6glichung von Zusammenarbeiten und Meetings zwischen Unternehmen, Geldgebern und \u00fcbrigen Betroffenen, Anbieten von professionellen interdisziplin\u00e4ren Kompetenzen mit besonderem individuellen Ansatz stehen f\u00fcr einen verantwortungsvollen Einsatz im Investor Relationship Management Business. Sie sind Kern von 3R Engagement.<\/p>\n<p>Durch das Zusammenf\u00fchren von Unternehmen mit Investoren haben wir ein vielseitiges Netzwerk von Gesch\u00e4ftspartnern geschaffen. Wir arbeiten darauf hin, ethische Standards namentlich in Rohstoff- und Zukunftsm\u00e4rkten zu f\u00f6rdern, mit Mut zur Mentalit\u00e4tswandlung durch neue Gesch\u00e4ftsbegegnungen, welche auf neue Investment-Bed\u00fcrfnisse abgestimmt sind.\u00a03R Engagement ist spezialisiert auf professionelle Investor Relationship Management-Dienstleistungen f\u00fcr Blue-Chips, Small- und Mid-Caps, sowie Anleihen-Emittenten auf den internationalen Finanzm\u00e4rkten. Wir sind ein Partner f\u00fcr Kommunikation, strategische Kapitalmarktberatung und f\u00fcr Begleitung von Unternehmungen bei Finanzierungen und Investorensuche.<\/p>\n<blockquote>\n<h2><span style=\"color: #99cc00;\">Den hohen Anspr\u00fcchen unserer Kunden gerecht zu werden ist unsere professionelle Verpflichtung.<\/span><\/h2>\n<\/blockquote>\n<p>Wir fokussieren unser Engagement auf den Bereich des Social Responsible Investments sowie auf Rohstoffm\u00e4rkte mit einem internationalen Kontaktnetzwerk zwischen Z\u00fcrich, Helsinki und Toronto.<\/p>\n<p><a class=\"twitter-timeline\" href=\"https:\/\/twitter.com\/EleniRegli\" data-widget-id=\"559827368198410240\">Tweets by @EleniRegli<\/a><br \/>\n<script>\/\/ <![CDATA[ !function(d,s,id){var js,fjs=d.getElementsByTagName(s)[0],p=\/^http:\/.test(d.location)?'http':'https';if(!d.getElementById(id)){js=d.createElement(s);js.id=id;js.src=p+\":\/\/platform.twitter.com\/widgets.js\";fjs.parentNode.insertBefore(js,fjs);}}(document,\"script\",\"twitter-wjs\"); \/\/ ]]><\/script><\/p>\n","protected":false},"excerpt":{"rendered":"<p>&nbsp; Responsible Resources &amp; Roots Engagement (3R Engagement) verschafft Ihren Ressourcen die Bahnen zu Nachhaltigkeitsquellen.\u00a0 Auf Nachhaltigkeitswerte basierende unternehmerische Verantwortung und der Ethik-Ansatz werden von 3R Engagement im Investor Relationship Management-Prozess gezielt darauf ausgerichtet, so dass den Unternehmen und Investoren des globalen nachhaltigen Wirtschaftswandels eine vorteilhafte proaktive Teilnahme erm\u00f6glicht wird und mit einem Wertzuwachs eine [&hellip;]<\/p>\n","protected":false},"author":1,"featured_media":0,"parent":0,"menu_order":0,"comment_status":"closed","ping_status":"closed","template":"","meta":[],"yoast_head":"<!-- This site is optimized with the Yoast SEO plugin v15.5 - https:\/\/yoast.com\/wordpress\/plugins\/seo\/ -->\n<title>Willkommen - Responsible Resources &amp; Roots Engagement<\/title>\n<meta name=\"robots\" content=\"index, follow, max-snippet:-1, max-image-preview:large, max-video-preview:-1\" \/>\n<link rel=\"canonical\" href=\"https:\/\/www.resources-roots.com\/de\/\" \/>\n<meta property=\"og:locale\" content=\"de_DE\" \/>\n<meta property=\"og:type\" content=\"article\" \/>\n<meta property=\"og:title\" content=\"Willkommen - Responsible Resources &amp; Roots Engagement\" \/>\n<meta property=\"og:description\" content=\"&nbsp; Responsible Resources &amp; Roots Engagement (3R Engagement) verschafft Ihren Ressourcen die Bahnen zu Nachhaltigkeitsquellen.\u00a0 Auf Nachhaltigkeitswerte basierende unternehmerische Verantwortung und der Ethik-Ansatz werden von 3R Engagement im Investor Relationship Management-Prozess gezielt darauf ausgerichtet, so dass den Unternehmen und Investoren des globalen nachhaltigen Wirtschaftswandels eine vorteilhafte proaktive Teilnahme erm\u00f6glicht wird und mit einem Wertzuwachs eine [&hellip;]\" \/>\n<meta property=\"og:url\" content=\"https:\/\/www.resources-roots.com\/de\/\" \/>\n<meta property=\"og:site_name\" content=\"Responsible Resources &amp; Roots Engagement\" \/>\n<meta property=\"article:modified_time\" content=\"2020-11-16T22:19:47+00:00\" \/>\n<meta property=\"og:image\" content=\"http:\/\/www.resources-roots.com\/wp-content\/uploads\/2013\/01\/baum-quer.jpg\" \/>\n<meta name=\"twitter:label1\" content=\"Gesch\u00e4tzte Lesezeit\">\n\t<meta name=\"twitter:data1\" content=\"1\u00a0Minute\">\n<script type=\"application\/ld+json\" class=\"yoast-schema-graph\">{\"@context\":\"https:\/\/schema.org\",\"@graph\":[{\"@type\":\"WebSite\",\"@id\":\"https:\/\/www.resources-roots.com\/#website\",\"url\":\"https:\/\/www.resources-roots.com\/\",\"name\":\"Responsible Resources &amp; Roots Engagement\",\"description\":\"Zurich \\u2022 Helsinki \\u2022 Toronto\",\"potentialAction\":[{\"@type\":\"SearchAction\",\"target\":\"https:\/\/www.resources-roots.com\/?s={search_term_string}\",\"query-input\":\"required name=search_term_string\"}],\"inLanguage\":\"de\"},{\"@type\":\"ImageObject\",\"@id\":\"https:\/\/www.resources-roots.com\/de\/#primaryimage\",\"inLanguage\":\"de\",\"url\":\"http:\/\/www.resources-roots.com\/wp-content\/uploads\/2013\/01\/baum-quer.jpg\"},{\"@type\":\"WebPage\",\"@id\":\"https:\/\/www.resources-roots.com\/de\/#webpage\",\"url\":\"https:\/\/www.resources-roots.com\/de\/\",\"name\":\"Willkommen - Responsible Resources & Roots Engagement\",\"isPartOf\":{\"@id\":\"https:\/\/www.resources-roots.com\/#website\"},\"primaryImageOfPage\":{\"@id\":\"https:\/\/www.resources-roots.com\/de\/#primaryimage\"},\"datePublished\":\"2013-01-11T09:58:30+00:00\",\"dateModified\":\"2020-11-16T22:19:47+00:00\",\"inLanguage\":\"de\",\"potentialAction\":[{\"@type\":\"ReadAction\",\"target\":[\"https:\/\/www.resources-roots.com\/de\/\"]}]}]}<\/script>\n<!-- \/ Yoast SEO plugin. -->","_links":{"self":[{"href":"https:\/\/www.resources-roots.com\/de\/wp-json\/wp\/v2\/pages\/34"}],"collection":[{"href":"https:\/\/www.resources-roots.com\/de\/wp-json\/wp\/v2\/pages"}],"about":[{"href":"https:\/\/www.resources-roots.com\/de\/wp-json\/wp\/v2\/types\/page"}],"author":[{"embeddable":true,"href":"https:\/\/www.resources-roots.com\/de\/wp-json\/wp\/v2\/users\/1"}],"replies":[{"embeddable":true,"href":"https:\/\/www.resources-roots.com\/de\/wp-json\/wp\/v2\/comments?post=34"}],"version-history":[{"count":21,"href":"https:\/\/www.resources-roots.com\/de\/wp-json\/wp\/v2\/pages\/34\/revisions"}],"predecessor-version":[{"id":3066,"href":"https:\/\/www.resources-roots.com\/de\/wp-json\/wp\/v2\/pages\/34\/revisions\/3066"}],"wp:attachment":[{"href":"https:\/\/www.resources-roots.com\/de\/wp-json\/wp\/v2\/media?parent=34"}],"curies":[{"name":"wp","href":"https:\/\/api.w.org\/{rel}","templated":true}]}}