{"id":71,"date":"2013-01-11T12:49:36","date_gmt":"2013-01-11T10:49:36","guid":{"rendered":"http:\/\/dev.resources-roots.com\/?page_id=71"},"modified":"2013-03-13T16:11:19","modified_gmt":"2013-03-13T14:11:19","slug":"uber-uns","status":"publish","type":"page","link":"https:\/\/www.resources-roots.com\/de\/uber-uns\/","title":{"rendered":"\u00dcber uns"},"content":{"rendered":"<div id=\"attachment_126\" style=\"width: 160px\" class=\"wp-caption alignleft\"><img aria-describedby=\"caption-attachment-126\" loading=\"lazy\" class=\"size-thumbnail wp-image-126\" alt=\"Eleni Regli, CEO\" src=\"http:\/\/www.resources-roots.com\/wp-content\/uploads\/2013\/01\/eleni-regli-150x150.jpg\" width=\"150\" height=\"150\" \/><p id=\"caption-attachment-126\" class=\"wp-caption-text\">Eleni Regli, CEO<\/p><\/div>\n<p>Unser Consulting Office, gegr\u00fcndet im Jahr 2010, ist spezialisiert auf Investor Relationship Management mit besonderen Aufgaben im Bereich von nachhaltigen Investitionen und Ethik-Research im Umfeld der Rohstoff-Wirtschaft. Der Name unseres Engagements entstammt den Begriffen Ressourcen als materielle und ideelle Grundlagen unseres Wirtschaftens und ethisch-moralischen Werten als Quellen unserer Wohlfahrt.<br \/>\nResponsible Resources &amp; Roots Engagement (3R Engagement) setzt sich f\u00fcr ethische Werte im Investor Relationship Management ein.<\/p>\n<p>3R Engagement fokussiert auf die Entdeckung von ethisch attraktiven Marktplayern in den Extraktiven Industrien. Nachhaltigkeits\u00fcberlegungen begleiten unsere Kundenbeziehungen. Wir begegnen ihren Bed\u00fcrfnissen mit einer Reihe von Services zur F\u00f6rderung der Interaktion zwischen Investor Relations Professionals, der Finance Community und dem breiten Interesse des Publikums.<br \/>\n3R Engagement organisiert und veranstaltet Pr\u00e4sentationen, One-on-one Zusammenk\u00fcnfte, Paneldiskussionen, Workshops, Seminare und Bildungs-Tagungen im Rahmen wissenschaftlicher Beratung mit Themen aus den Bereichen Unternehmens- und Investment-Ethik.<br \/>\nUnser Engagement umfasst vorwiegend Netzwerke in der Schweiz, Finnland und Kanada.<br \/>\nUnser Hauptsitz ist in der Schweiz. Die langj\u00e4hrige Erfahrung und die erprobten Kompetenzen qualifizieren unsere Dienstleistungen in der interdisziplin\u00e4ren Beratung im Investor Relationship Prozess. Wir bieten individualisierte L\u00f6sungen f\u00fcr Investoren und Unternehmen an; dies bei der Suche nach der richtigen ethisch-vertretbaren Anlagestrategie (SRI), oder um nichtfinanzielle Risikofelder bei klassischen Anlagen zu vermeiden.<\/p>\n<h2>Responsible Resources &amp; Roots Engagement \u2013 individuelles und pers\u00f6nliches Investor Relations Management mit ethischem Ansatz<\/h2>\n<p>Wir freuen uns, Ihren Bed\u00fcrfnissen zuverl\u00e4ssig, pers\u00f6nlich und individuell die optimalen L\u00f6sungen vorzustellen.<\/p>\n<h3>Unsere Werte<\/h3>\n<p>Unsere Gesch\u00e4ftst\u00e4tigkeit folgt einem wichtigen Prinzipien-Kompass.<\/p>\n<ul>\n<li>Der Kunde und seine individuellen Anspr\u00fcche stehen im Zentrum unseres Engagements. Wir investieren die erforderliche Zeit, Kompetenzen und unser Netzwerk, um Ziele der Kunden individuell und pers\u00f6nlich zu erfassen.<\/li>\n<li>Verantwortungsbewusst und respektvoll handeln, Vertrauensw\u00fcrdigkeit sind unsere St\u00e4rke.<\/li>\n<li>Best Practice ist unsere Devise. Hohe Qualit\u00e4t und Professionalit\u00e4t unserer Dienstleistungen\u00a0 sind\u00a0 \u00fcberzeugende Faktoren unserer Pr\u00e4senz auf dem Markt.<\/li>\n<li>Integrit\u00e4t und hohe ethische Massst\u00e4be sind die Leitmotive im Umgang mit unseren Kunden. Fairness und Vermeiden von Interessenkonflikten ebenfalls. Bei Auftauchen von Missst\u00e4nden handeln wir offen und geradlinig und setzten den Dialog ein, um Fehler und Folgen zu beheben.<\/li>\n<li>Unabh\u00e4ngigkeit und Eigenst\u00e4ndigkeit sind uns sehr wichtig. Sie entstehen aus langj\u00e4hrigen beruflichen Erfahrungen, individuellen Kundenanspr\u00fcchen mit hohem pers\u00f6nlichem Einsatz und einer unabh\u00e4ngigen Situationsberatung.<\/li>\n<\/ul>\n<h3>Unser Soziales Engagement<\/h3>\n<p>Responsible Resources &amp; Roots Engagement setzt sich im kulturellen und sozialen caritativen Bereich ein. Dabei legen wir sehr grossen Wert auf den pers\u00f6nlichen Bezug.<\/p>\n<p><strong>Geigen f\u00fcr Loreto, Argentinien; Erziehung &#8211; Bildung \u2013 auf einer Geigensaite<br \/>\n<\/strong>Zu den \u00e4rmeren Provinzen Argentiniens geh\u00f6rt Santiago del Estero. Instrumentalunterricht f\u00fcr Kinder gibt es immer noch nur f\u00fcr Privilegierte und in der Hauptstadt (Santiago). Stark verankert in der t\u00e4glichen Kultur ist die Folklore. Jedes Kind kennt die Lieder und T\u00e4nze; in jedem Haus gibt es eine Gitarre oder ein Bombo. Zu den Hauptinstrumenten der Folklore (Chacarera, Zamba, Escondido etc.) geh\u00f6rt neben Gitarre, Bombo und Stimme die Geige. Jedoch fehlt es auf dem Land an Kinderinstrumenten und Geigenlehrern.<br \/>\nLoreto liegt ca. 70 Kilometer von der argentinischen Provinzhauptstadt Santiago del Estero entfernt. Die Gegend ist sicher kein Paradies f\u00fcr Geigen; den meisten Bewohnern fehlen die Mittel, nach Santiago zu reisen, um Geigenunterricht zu besuchen und\/oder eine Geige zu mieten, noch weniger einen Geigenlehrer f\u00fcr ihre Kinder zu bezahlen oder eine Geige zu erwerben.<br \/>\nZwei tatkr\u00e4ftige beherzte Geigenlehrerinnen und bekannte Tango-Musikerinnen Irma Gross und Caroline Fahrni haben 2011 um Hilfe gerufen und ein Projekt ins Rollen gebracht. Es werden Geigen und Geigenzubeh\u00f6r, Unterrichtsstoff, etc. gesammelt und bis Mai 2013 nach Loreto gebracht. Vor Ort werden die Kinder vorerst einen intensiven Workshop besuchen und innert zwei Wochen erste Hauptgrundlagen des Geige Spielens erlernen. Anschliessend werden lokale Geigenspieler aus Santiago monatlich die Loreto Kinder weiterunterrichten. Das Musizieren mit Kindern f\u00fcr die Kinder soll zwischendurch mit Hilfe eines Gitarristen von Loreto aufrechterhalten werden.<\/p>\n<p><strong>St. John the Compassionate Mission, Toronto \u2013 The Mission in the City, Home for Everyone<\/strong><br \/>\nNachhaltig Empfinden und Handeln im caritativen Umfeld als Exempel.<br \/>\nIn Old Toronto zwischen Queen Street East und Dundas East auf der Broadview Avenue liegt seit 1987 ein ansehnliches Haus f\u00fcr besondere G\u00e4ste. Die <a href=\" http:\/\/www.stjohnsmission.org\" target=\"_blank\">St. John the Compassionate Mission<\/a> bietet\u00a0 Obdachlosen und Sozialbedr\u00e4ngten aus dem Grossraum Toronto t\u00e4glich Hilfe zur Selbsthilfe an. Neben regelm\u00e4ssigen Mahlzeiten und individueller Beratung gibt es Raum und Know-how f\u00fcr einen besseren Lebensweg: \u00abAider une personne c\u2019est de lui donner la possibilit\u00e9 d\u2019avancer, de travailler\u00bb (Roberto Ubertino, Gesch\u00e4ftsleitung). In der St. John B\u00e4ckerei lernen Strafvollzugentlassene auf Bew\u00e4hrung, Personen aus Integrationsprogrammen oder Langzeitarbeitslose das Backen der besten Bio-Brote von ganz Toronto. Das soziale Engagement hoch motivierter Freiwilligen macht in der unstabilen Spannung der j\u00e4hrlichen Spendenaufkommen die Schattenseiten des Lebens in der Weltmetropole am Ontario See mit philanthropischem Ethos wett. \u00abUne th\u00e9rapie au-del\u00e0 des mots.\u00bb<br \/>\nNachhaltig Empfinden und Handeln im caritativen Umfeld als Exempel.<\/p>\n","protected":false},"excerpt":{"rendered":"<p>Unser Consulting Office, gegr\u00fcndet im Jahr 2010, ist spezialisiert auf Investor Relationship Management mit besonderen Aufgaben im Bereich von nachhaltigen Investitionen und Ethik-Research im Umfeld der Rohstoff-Wirtschaft. Der Name unseres Engagements entstammt den Begriffen Ressourcen als materielle und ideelle Grundlagen unseres Wirtschaftens und ethisch-moralischen Werten als Quellen unserer Wohlfahrt. Responsible Resources &amp; Roots Engagement (3R [&hellip;]<\/p>\n","protected":false},"author":1,"featured_media":0,"parent":0,"menu_order":0,"comment_status":"closed","ping_status":"closed","template":"","meta":[],"yoast_head":"<!-- This site is optimized with the Yoast SEO plugin v15.5 - https:\/\/yoast.com\/wordpress\/plugins\/seo\/ -->\n<title>\u00dcber uns - Responsible Resources &amp; Roots Engagement<\/title>\n<meta name=\"robots\" content=\"index, follow, max-snippet:-1, max-image-preview:large, max-video-preview:-1\" \/>\n<link rel=\"canonical\" href=\"https:\/\/www.resources-roots.com\/de\/uber-uns\/\" \/>\n<meta property=\"og:locale\" content=\"de_DE\" \/>\n<meta property=\"og:type\" content=\"article\" \/>\n<meta property=\"og:title\" content=\"\u00dcber uns - Responsible Resources &amp; Roots Engagement\" \/>\n<meta property=\"og:description\" content=\"Unser Consulting Office, gegr\u00fcndet im Jahr 2010, ist spezialisiert auf Investor Relationship Management mit besonderen Aufgaben im Bereich von nachhaltigen Investitionen und Ethik-Research im Umfeld der Rohstoff-Wirtschaft. Der Name unseres Engagements entstammt den Begriffen Ressourcen als materielle und ideelle Grundlagen unseres Wirtschaftens und ethisch-moralischen Werten als Quellen unserer Wohlfahrt. Responsible Resources &amp; Roots Engagement (3R [&hellip;]\" \/>\n<meta property=\"og:url\" content=\"https:\/\/www.resources-roots.com\/de\/uber-uns\/\" \/>\n<meta property=\"og:site_name\" content=\"Responsible Resources &amp; Roots Engagement\" \/>\n<meta property=\"article:modified_time\" content=\"2013-03-13T14:11:19+00:00\" \/>\n<meta property=\"og:image\" content=\"http:\/\/www.resources-roots.com\/wp-content\/uploads\/2013\/01\/eleni-regli-150x150.jpg\" \/>\n<meta name=\"twitter:label1\" content=\"Gesch\u00e4tzte Lesezeit\">\n\t<meta name=\"twitter:data1\" content=\"3\u00a0Minuten\">\n<script type=\"application\/ld+json\" class=\"yoast-schema-graph\">{\"@context\":\"https:\/\/schema.org\",\"@graph\":[{\"@type\":\"WebSite\",\"@id\":\"https:\/\/www.resources-roots.com\/#website\",\"url\":\"https:\/\/www.resources-roots.com\/\",\"name\":\"Responsible Resources &amp; Roots Engagement\",\"description\":\"Zurich \\u2022 Helsinki \\u2022 Toronto\",\"potentialAction\":[{\"@type\":\"SearchAction\",\"target\":\"https:\/\/www.resources-roots.com\/?s={search_term_string}\",\"query-input\":\"required name=search_term_string\"}],\"inLanguage\":\"de\"},{\"@type\":\"ImageObject\",\"@id\":\"https:\/\/www.resources-roots.com\/de\/uber-uns\/#primaryimage\",\"inLanguage\":\"de\",\"url\":\"http:\/\/www.resources-roots.com\/wp-content\/uploads\/2013\/01\/eleni-regli-150x150.jpg\"},{\"@type\":\"WebPage\",\"@id\":\"https:\/\/www.resources-roots.com\/de\/uber-uns\/#webpage\",\"url\":\"https:\/\/www.resources-roots.com\/de\/uber-uns\/\",\"name\":\"\\u00dcber uns - Responsible Resources &amp; Roots Engagement\",\"isPartOf\":{\"@id\":\"https:\/\/www.resources-roots.com\/#website\"},\"primaryImageOfPage\":{\"@id\":\"https:\/\/www.resources-roots.com\/de\/uber-uns\/#primaryimage\"},\"datePublished\":\"2013-01-11T10:49:36+00:00\",\"dateModified\":\"2013-03-13T14:11:19+00:00\",\"inLanguage\":\"de\",\"potentialAction\":[{\"@type\":\"ReadAction\",\"target\":[\"https:\/\/www.resources-roots.com\/de\/uber-uns\/\"]}]}]}<\/script>\n<!-- \/ Yoast SEO plugin. -->","_links":{"self":[{"href":"https:\/\/www.resources-roots.com\/de\/wp-json\/wp\/v2\/pages\/71"}],"collection":[{"href":"https:\/\/www.resources-roots.com\/de\/wp-json\/wp\/v2\/pages"}],"about":[{"href":"https:\/\/www.resources-roots.com\/de\/wp-json\/wp\/v2\/types\/page"}],"author":[{"embeddable":true,"href":"https:\/\/www.resources-roots.com\/de\/wp-json\/wp\/v2\/users\/1"}],"replies":[{"embeddable":true,"href":"https:\/\/www.resources-roots.com\/de\/wp-json\/wp\/v2\/comments?post=71"}],"version-history":[{"count":9,"href":"https:\/\/www.resources-roots.com\/de\/wp-json\/wp\/v2\/pages\/71\/revisions"}],"predecessor-version":[{"id":140,"href":"https:\/\/www.resources-roots.com\/de\/wp-json\/wp\/v2\/pages\/71\/revisions\/140"}],"wp:attachment":[{"href":"https:\/\/www.resources-roots.com\/de\/wp-json\/wp\/v2\/media?parent=71"}],"curies":[{"name":"wp","href":"https:\/\/api.w.org\/{rel}","templated":true}]}}