{"id":187,"date":"2013-02-15T15:46:18","date_gmt":"2013-02-15T13:46:18","guid":{"rendered":"http:\/\/dev.resources-roots.com\/?page_id=187"},"modified":"2013-02-27T14:28:00","modified_gmt":"2013-02-27T12:28:00","slug":"nos-services","status":"publish","type":"page","link":"https:\/\/www.resources-roots.com\/fr\/nos-services\/","title":{"rendered":"Nos Services"},"content":{"rendered":"<p>3R Engagement est sp\u00e9cialis\u00e9e dans les services d\u2019accompagnement de relations client\/ investisseurs pour blue-chips et mid- and small-caps et \u00e9metteurs d&rsquo;obligations sur les march\u00e9s internationaux de capitaux. Notre activit\u00e9 se concentre sur les domaines d&rsquo;investissements durables et des march\u00e9s des mati\u00e8res premi\u00e8res. Notre grand r\u00e9seau s&rsquo;\u00e9tend entre Zurich, Helsinki et Toronto. \u00c0 partir 2012, nous avons \u00e9largi nos contacts d&rsquo;affaires en Afrique. Tout en se concentrant sur les soci\u00e9t\u00e9s des investissements \u00e9thiques, \u00e9cologiques et socialement responsables (fonds d\u2019investissements, g\u00e9rants de patrimoines, etc.) notre engagement offre par ses services une dimension particuli\u00e8re aux liens entre les acteurs \u00e9conomiques et sociaux dans les march\u00e9s internationaux de capitaux et les soci\u00e9t\u00e9s qui d\u00e9veloppent des d\u00e9marches fiables pour une activit\u00e9 entrepreneuriale durable.<\/p>\n<blockquote><p>Promouvoir la diversit\u00e9 et le respect de la diff\u00e9rence<br \/>\nR\u00e9ussir la travers\u00e9e vers l\u2019excellence et la performance durable<\/p><\/blockquote>\n<h2>Gestion des relations sur mesure pour une client\u00e8le soigneusement choisie<\/h2>\n<p>3R Engagement &#8211; Investor Relationship Management &#8211; travaille avec un large \u00e9ventail des outils professionnels pour offrir un service holistique et personnalis\u00e9. Nous proposons une gestion des relations clients avec des offres sur mesure. Discr\u00e9tion, confiance et efficacit\u00e9 sont toujours \u00e0 l\u2019\u0153uvre.<\/p>\n<ul>\n<li>Roadshow avec la personnalisation de l\u2019offre: Votre lien personnel avec les investisseurs.<\/li>\n<li>L&rsquo;organisation professionnelle des pr\u00e9sentations, introduction personnelle \u00e0 la communaut\u00e9 d&rsquo;investisseurs ou r\u00e9unions \u00ab\u00a0one on one \u00ab\u00a0.<\/li>\n<li>3R Engagement offre une prise en charge comp\u00e9tente et professionnelle tout au long de l\u2019accompagnement de ses clients pour l&rsquo;acc\u00e8s aux investisseurs institutionnels et priv\u00e9s. Nous communiquons en plusieurs langues et nos comp\u00e9tences en communication facilitent une prestation des services rapide et efficace sur tous les continents\/r\u00e9gions linguistiques.<\/li>\n<\/ul>\n<h3>Forger la bonne r\u00e9putation de votre entreprise<\/h3>\n<ul>\n<li>Laissez-nous optimiser votre r\u00e9putation par une solide poursuite de vos relations avec les investisseurs et les analystes. Nous appuyons votre d\u00e9marche de rester \u00e0 l\u2019\u0153il et \u00e0 l\u2019oreille du march\u00e9 et d\u2019atteindre le publique d\u2019une mani\u00e8re plus efficace.<\/li>\n<li>Service holistique pour identifier et \u00e9tablir des contacts et nouer des relations avec des investisseurs.<\/li>\n<li>Permettez-nous de vous pr\u00e9sentez de contacts d\u2019analystes de l&rsquo;environnement, du d\u00e9veloppement durable, \u00e9thiciens sp\u00e9cialis\u00e9s dans le domaine choisis par vos attentes.<\/li>\n<li>Pr\u00e9sentez-vous r\u00e9guli\u00e8rement par les rapports de vos succ\u00e8s sur\/dans notre plateforme d&rsquo;information hebdomadaire \u00ab\u00a0View Pick\u00a0\u00bb, une plateforme-maison pour nos rapports, articles, \u00e9tudes\/r\u00e9sultats des recherches.<\/li>\n<\/ul>\n<h3>Gestion des relations-clients avec les investisseurs &#8211; avec une touche particuli\u00e8re<\/h3>\n<ul>\n<li>Nous promouvons les instruments non-financiers requises par la d\u00e9cision pour un investissement durable ou \u00e9thiquement responsable.<\/li>\n<li>\u00ab\u00a0Profit Plus\u00a0\u00bb: 3R engagement d\u00e9veloppe et offre des \u00e9tudes de durabilit\u00e9 sur des march\u00e9s, des pays, des secteurs, des \u00e9metteurs d\u2019obligations et des entreprises. Par le Rapport du d\u00e9veloppement durable ou\/ avec les analyses \u00e9thiques de l\u2019entreprise vous rendez plus transparente votre activit\u00e9 RSE et renforcez la confiance du march\u00e9 et la comp\u00e9titivit\u00e9. Les demandes d\u2019investisseurs li\u00e9es \u00e0 la communication d\u2019informations sont destin\u00e9es \u00e0 approfondir leur analyse sur l\u2019entreprise ou la soci\u00e9t\u00e9 et \u00e0 combler ainsi les lacunes du Rapport Annuel ou du reporting RSE fourni par les entreprises, \u00e0 force de permettre de mesurer la performance extra-financi\u00e8re. Ce type de d\u00e9marche permet d\u2019attirer l\u2019attention des autres investisseurs, actionnaires et parties prenantes de l\u2019entreprise ou soci\u00e9t\u00e9, et engage une suite des demandes d\u2019am\u00e9lioration des pratiques expos\u00e9es aux critiques ou au contraire, une bonne ou une faible r\u00e9putation sur le march\u00e9. Les avantages non financiers de l&rsquo;activit\u00e9 \u00e9conomique font ainsi accroitre avec les dimensions \u00e9thiques et environnementales le b\u00e9n\u00e9fice total et durable d\u2019une entreprise.<\/li>\n<li>Nous appuyons notre analyse extra-financi\u00e8re sur la recherche en \u00e9thique pour proposer des services d\u2019accompagnement aussi pour les investisseurs dans leur d\u00e9marche d\u2019engagement autour des entreprises, dont le profil RSE reflet le respect des standards exig\u00e9s par les investissements socialement responsables. Nous accompagnons les investisseurs, \u00e0 leur demande explicite, dans la formulation de leur strat\u00e9gie d\u2019engagement et de leurs objectifs. Ainsi les investisseurs d\u00e9marreront en toute confiance leurs d\u00e9marches sur des donn\u00e9es pr\u00e9cises concernant les pratiques RSE des entreprises et b\u00e9n\u00e9ficieront d\u2019un accompagnement responsable. 3R Engagement organise des rencontres avec les entreprises ou soci\u00e9t\u00e9s, des s\u00e9minaires, colloques, des pr\u00e9sentations sur des th\u00e8mes propos\u00e9s par nos clients.<\/li>\n<li>D\u00e9pistage des portefeuilles de durabilit\u00e9, \u00ab ethical screening \u00bb<\/li>\n<\/ul>\n<h2>Conseil acad\u00e9mique \/ Ateliers \/ Conf\u00e9rences \/ Lectures<\/h2>\n<p>Les meilleures d\u00e9cisions, pour le bon partenaire d\u2019affaire, pour une strat\u00e9gie r\u00e9ussie dans le placement des ressources, sont tr\u00e8s souvent port\u00e9es sur les liens des valeurs universelles durablement enracin\u00e9es dans le c\u0153ur de l&rsquo;\u00e9thique appliqu\u00e9e. Pour 3R Engament c\u2019est l\u2019\u00e9thique dans les affaires (Business Ethics).<\/p>\n<blockquote><p>Vers le retour en gr\u00e2ce des valeurs au del\u00e0 du b\u00e9n\u00e9fice:<br \/>\nVoil\u00e0 une nouvelle qui ne manque pas d\u2019int\u00e9r\u00eat.<\/p><\/blockquote>\n<p>Notre activit\u00e9 sur le terrain scientifique est mise en \u0153uvre en guise de catalyseur pour d\u00e9velopper et approfondir les comp\u00e9tences dans la pratique du conseil et l&rsquo;accompagnement dans la gestion des relations entre entreprises et investisseurs. C&rsquo;est l\u2019exercice de chaque jour pour accorder la th\u00e9orie \u00e0 la pratique et vice-versa.<\/p>\n<ul>\n<li>Les th\u00e8mes de nos recherches comprennent les domaines de l&rsquo;\u00e9thique des affaires et de l&rsquo;investissement durable dans les secteurs prioritaires de \u00abl\u2019\u00e9nergie verte\u00bb, de l&rsquo;exploitation mini\u00e8re et de \u00ab l&rsquo;exploitation mini\u00e8re \u00e9cologique\u00bb), les activit\u00e9s des exp\u00e9ditions internationales, etc. Les questions socialement pertinentes, des domaines sociaux- caritatives \/ philanthropiques et au bout du ressort concernant les aspects de la diversit\u00e9 culturelle, ont \u00e9galement une grande importance dans notre travail de recherche, en termes de \u00ab Investor Relationship Management \u00bb, en tant que g\u00e9rant des relations clients avec les organisations caritatives-philanthropiques, fondations, etc.<\/li>\n<li>3R Engagement fait n\u00e9cessairement recours aux m\u00e9thodes quantitative et qualitative de l\u2019analyse \u00e9thique pour une recherche interdisciplinaire au sujet du profil non-financier des entreprises, des soci\u00e9t\u00e9s, des fonds de placement, etc. \u00e0 fin de d\u00e9montrer les caract\u00e9ristiques et les avantages d&rsquo;un investissement durable.<\/li>\n<li>La rencontre avec des sp\u00e9cialistes du monde entier et l&rsquo;\u00e9change des connaissances, du savoir et d&rsquo;expertise en \u00e9conomie, sciences naturelles, technologie et en \u00e9thique des affaires, avec un sens aigu de responsabilit\u00e9 devant les nouveaux grands d\u00e9fis des march\u00e9s mondiaux, est une pr\u00e9occupation constante pour notre travail de recherche. Cela n\u00e9cessite un recours \u00e0 des crit\u00e8res sp\u00e9cifiques, les normes et l&rsquo;expertise scientifique interdisciplinaire. Il est pris en charge par nos nombreuses ann\u00e9es d&rsquo;exp\u00e9rience professionnelle, enrichies par des formations permanentes et par une grande prise de conscience sur la responsabilit\u00e9 assum\u00e9e, pour une prestation efficace dans l&rsquo;enseignement, le travail de formation des entreprises dans la d\u00e9marche RSE, consultation scientifique, des s\u00e9minaires, des conf\u00e9rences et des workshops pour les partenaires.<\/li>\n<\/ul>\n<blockquote><p>Forger les comp\u00e9tences des investisseurs et des entreprises<br \/>\nen mati\u00e8re du d\u00e9veloppement durable,<br \/>\npour devenir proprement-dit les acteurs du changement<br \/>\nde l\u2019enjeu environnemental mondial<br \/>\nplut\u00f4t que s\u2019\u00e9garer simplement en spectateurs!<\/p><\/blockquote>\n<blockquote><p>\u00abLa chimie est tr\u00e8s po\u00e9tique &#8230; Que vous preniez une arme \u00e0 feu ou une mol\u00e9cule, un tableau ou un po\u00e8me, vous devriez toujours vous demander: J&rsquo;ai pu nuire ainsi \u00e0 quelqu&rsquo;un? \u00bb<br \/>\n<span class=\"quoteauthor\">Roald Hoffmann, Prix Nobel 1981 en chimie<\/span><\/p><\/blockquote>\n","protected":false},"excerpt":{"rendered":"<p>3R Engagement est sp\u00e9cialis\u00e9e dans les services d\u2019accompagnement de relations client\/ investisseurs pour blue-chips et mid- and small-caps et \u00e9metteurs d&rsquo;obligations sur les march\u00e9s internationaux de capitaux. Notre activit\u00e9 se concentre sur les domaines d&rsquo;investissements durables et des march\u00e9s des mati\u00e8res premi\u00e8res. Notre grand r\u00e9seau s&rsquo;\u00e9tend entre Zurich, Helsinki et Toronto. \u00c0 partir 2012, nous [&hellip;]<\/p>\n","protected":false},"author":1,"featured_media":0,"parent":0,"menu_order":0,"comment_status":"closed","ping_status":"closed","template":"","meta":[],"yoast_head":"<!-- This site is optimized with the Yoast SEO plugin v15.5 - https:\/\/yoast.com\/wordpress\/plugins\/seo\/ -->\n<title>Nos Services - Responsible Resources &amp; Roots Engagement<\/title>\n<meta name=\"robots\" content=\"index, follow, max-snippet:-1, max-image-preview:large, max-video-preview:-1\" \/>\n<link rel=\"canonical\" href=\"https:\/\/www.resources-roots.com\/fr\/nos-services\/\" \/>\n<meta property=\"og:locale\" content=\"fr_FR\" \/>\n<meta property=\"og:type\" content=\"article\" \/>\n<meta property=\"og:title\" content=\"Nos Services - Responsible Resources &amp; Roots Engagement\" \/>\n<meta property=\"og:description\" content=\"3R Engagement est sp\u00e9cialis\u00e9e dans les services d\u2019accompagnement de relations client\/ investisseurs pour blue-chips et mid- and small-caps et \u00e9metteurs d&rsquo;obligations sur les march\u00e9s internationaux de capitaux. Notre activit\u00e9 se concentre sur les domaines d&rsquo;investissements durables et des march\u00e9s des mati\u00e8res premi\u00e8res. Notre grand r\u00e9seau s&rsquo;\u00e9tend entre Zurich, Helsinki et Toronto. \u00c0 partir 2012, nous [&hellip;]\" \/>\n<meta property=\"og:url\" content=\"https:\/\/www.resources-roots.com\/fr\/nos-services\/\" \/>\n<meta property=\"og:site_name\" content=\"Responsible Resources &amp; Roots Engagement\" \/>\n<meta property=\"article:modified_time\" content=\"2013-02-27T12:28:00+00:00\" \/>\n<meta name=\"twitter:label1\" content=\"Dur\u00e9e de lecture est.\">\n\t<meta name=\"twitter:data1\" content=\"5 minutes\">\n<script type=\"application\/ld+json\" class=\"yoast-schema-graph\">{\"@context\":\"https:\/\/schema.org\",\"@graph\":[{\"@type\":\"WebSite\",\"@id\":\"https:\/\/www.resources-roots.com\/#website\",\"url\":\"https:\/\/www.resources-roots.com\/\",\"name\":\"Responsible Resources &amp; Roots Engagement\",\"description\":\"Zurich \\u2022 Helsinki \\u2022 Toronto\",\"potentialAction\":[{\"@type\":\"SearchAction\",\"target\":\"https:\/\/www.resources-roots.com\/?s={search_term_string}\",\"query-input\":\"required name=search_term_string\"}],\"inLanguage\":\"fr-FR\"},{\"@type\":\"WebPage\",\"@id\":\"https:\/\/www.resources-roots.com\/fr\/nos-services\/#webpage\",\"url\":\"https:\/\/www.resources-roots.com\/fr\/nos-services\/\",\"name\":\"Nos Services - Responsible Resources &amp; Roots Engagement\",\"isPartOf\":{\"@id\":\"https:\/\/www.resources-roots.com\/#website\"},\"datePublished\":\"2013-02-15T13:46:18+00:00\",\"dateModified\":\"2013-02-27T12:28:00+00:00\",\"inLanguage\":\"fr-FR\",\"potentialAction\":[{\"@type\":\"ReadAction\",\"target\":[\"https:\/\/www.resources-roots.com\/fr\/nos-services\/\"]}]}]}<\/script>\n<!-- \/ Yoast SEO plugin. -->","_links":{"self":[{"href":"https:\/\/www.resources-roots.com\/fr\/wp-json\/wp\/v2\/pages\/187"}],"collection":[{"href":"https:\/\/www.resources-roots.com\/fr\/wp-json\/wp\/v2\/pages"}],"about":[{"href":"https:\/\/www.resources-roots.com\/fr\/wp-json\/wp\/v2\/types\/page"}],"author":[{"embeddable":true,"href":"https:\/\/www.resources-roots.com\/fr\/wp-json\/wp\/v2\/users\/1"}],"replies":[{"embeddable":true,"href":"https:\/\/www.resources-roots.com\/fr\/wp-json\/wp\/v2\/comments?post=187"}],"version-history":[{"count":6,"href":"https:\/\/www.resources-roots.com\/fr\/wp-json\/wp\/v2\/pages\/187\/revisions"}],"predecessor-version":[{"id":343,"href":"https:\/\/www.resources-roots.com\/fr\/wp-json\/wp\/v2\/pages\/187\/revisions\/343"}],"wp:attachment":[{"href":"https:\/\/www.resources-roots.com\/fr\/wp-json\/wp\/v2\/media?parent=187"}],"curies":[{"name":"wp","href":"https:\/\/api.w.org\/{rel}","templated":true}]}}