{"id":2515,"date":"2015-03-15T19:32:40","date_gmt":"2015-03-15T17:32:40","guid":{"rendered":"http:\/\/www.resources-roots.com\/nos-services\/finanz-vermoegensberatung\/"},"modified":"2015-03-16T00:11:28","modified_gmt":"2015-03-15T22:11:28","slug":"finanz-vermoegensberatung","status":"publish","type":"page","link":"https:\/\/www.resources-roots.com\/fr\/nos-services\/finanz-vermoegensberatung\/","title":{"rendered":"Finanz-\/Verm\u00f6gensberatung"},"content":{"rendered":"<h2><\/h2>\n<h1><strong>Felix Regli (Dr. oec. HSG)<\/strong><\/h1>\n<p>&nbsp;<\/p>\n<h3>Verm\u00f6gens-\/ Depotanalyse<\/h3>\n<p>Gerne analysiere ich Ihre Verm\u00f6genswerte unter Ertrags- und Risikoaussichten. Bei der Analyse Ihrer Verm\u00f6genswerte ber\u00fccksichtige ich neben den direkten Kosten auch die indirekten\/versteckten Aufwendungen, die namentlich bei strukturierten Produkten stark ins Gewicht fallen k\u00f6nnen.<\/p>\n<h3><span style=\"font-size: 1.142857143rem; line-height: 1.846153846;\">Ganzheitliche Finanzberatung<\/span><\/h3>\n<p>Ich berate Sie bez\u00fcglich Ihrer Verm\u00f6genswerte ausschliesslich gem\u00e4ss Ihrer pers\u00f6nlichen Situation, Ihrem individuellem Risikoprofil sowie Ihren Pr\u00e4ferenzen. Dabei behalte ich stets Ihre gesamtheitliche Verm\u00f6genssituation im Auge. Auch m\u00f6gliche oder wahrscheinliche Ver\u00e4nderungen im Leben (Pensionierung, Ausbildung der Kinder etc.) m\u00fcssen ber\u00fccksichtigt werden.<\/p>\n<h3><span style=\"font-size: 1.142857143rem; line-height: 1.846153846;\">Anlageberatung, auch unter ethischen\/nachhaltigen Kriterien<\/span><\/h3>\n<p>W\u00fcnschen Sie eine Beratung unter ethischen\/nachhaltigen Kriterien, so kann ich bei Ihren Anlagen aufgrund unserer Erfahrung ein Nachhaltigkeitsprofil miteinbeziehen. Die ethischen\/nachhaltigen Kriterien k\u00f6nnen von Ihnen oder mit uns zusammen definiert werden. Sollten z.B. einzelne Sektoren wie Gl\u00fccksspiele, Waffenproduzenten etc. ausgeschlossen werden? W\u00fcnschen Sie Anlagen in Unternehmen mit fortschrittlichen Arbeitsverh\u00e4ltnissen? Ich berate Sie gerne.<\/p>\n<h3>Steuererkl\u00e4rung f\u00fcr Privatpersonen<\/h3>\n<p>Auf Wunsch f\u00fclle ich gerne Ihre Steuererkl\u00e4rung aus.<\/p>\n","protected":false},"excerpt":{"rendered":"<p>Felix Regli (Dr. oec. HSG) &nbsp; Verm\u00f6gens-\/ Depotanalyse Gerne analysiere ich Ihre Verm\u00f6genswerte unter Ertrags- und Risikoaussichten. Bei der Analyse Ihrer Verm\u00f6genswerte ber\u00fccksichtige ich neben den direkten Kosten auch die indirekten\/versteckten Aufwendungen, die namentlich bei strukturierten Produkten stark ins Gewicht fallen k\u00f6nnen. Ganzheitliche Finanzberatung Ich berate Sie bez\u00fcglich Ihrer Verm\u00f6genswerte ausschliesslich gem\u00e4ss Ihrer pers\u00f6nlichen Situation, [&hellip;]<\/p>\n","protected":false},"author":3,"featured_media":0,"parent":187,"menu_order":0,"comment_status":"closed","ping_status":"open","template":"","meta":[],"yoast_head":"<!-- This site is optimized with the Yoast SEO plugin v15.5 - https:\/\/yoast.com\/wordpress\/plugins\/seo\/ -->\n<title>Finanz-\/Verm\u00f6gensberatung - Responsible Resources &amp; Roots Engagement<\/title>\n<meta name=\"robots\" content=\"index, follow, max-snippet:-1, max-image-preview:large, max-video-preview:-1\" \/>\n<link rel=\"canonical\" href=\"https:\/\/www.resources-roots.com\/fr\/nos-services\/finanz-vermoegensberatung\/\" \/>\n<meta property=\"og:locale\" content=\"fr_FR\" \/>\n<meta property=\"og:type\" content=\"article\" \/>\n<meta property=\"og:title\" content=\"Finanz-\/Verm\u00f6gensberatung - Responsible Resources &amp; Roots Engagement\" \/>\n<meta property=\"og:description\" content=\"Felix Regli (Dr. oec. HSG) &nbsp; Verm\u00f6gens-\/ Depotanalyse Gerne analysiere ich Ihre Verm\u00f6genswerte unter Ertrags- und Risikoaussichten. Bei der Analyse Ihrer Verm\u00f6genswerte ber\u00fccksichtige ich neben den direkten Kosten auch die indirekten\/versteckten Aufwendungen, die namentlich bei strukturierten Produkten stark ins Gewicht fallen k\u00f6nnen. Ganzheitliche Finanzberatung Ich berate Sie bez\u00fcglich Ihrer Verm\u00f6genswerte ausschliesslich gem\u00e4ss Ihrer pers\u00f6nlichen Situation, [&hellip;]\" \/>\n<meta property=\"og:url\" content=\"https:\/\/www.resources-roots.com\/fr\/nos-services\/finanz-vermoegensberatung\/\" \/>\n<meta property=\"og:site_name\" content=\"Responsible Resources &amp; Roots Engagement\" \/>\n<meta property=\"article:modified_time\" content=\"2015-03-15T22:11:28+00:00\" \/>\n<meta name=\"twitter:label1\" content=\"Dur\u00e9e de lecture est.\">\n\t<meta name=\"twitter:data1\" content=\"1 minute\">\n<script type=\"application\/ld+json\" class=\"yoast-schema-graph\">{\"@context\":\"https:\/\/schema.org\",\"@graph\":[{\"@type\":\"WebSite\",\"@id\":\"https:\/\/www.resources-roots.com\/#website\",\"url\":\"https:\/\/www.resources-roots.com\/\",\"name\":\"Responsible Resources &amp; Roots Engagement\",\"description\":\"Zurich \\u2022 Helsinki \\u2022 Toronto\",\"potentialAction\":[{\"@type\":\"SearchAction\",\"target\":\"https:\/\/www.resources-roots.com\/?s={search_term_string}\",\"query-input\":\"required name=search_term_string\"}],\"inLanguage\":\"fr-FR\"},{\"@type\":\"WebPage\",\"@id\":\"https:\/\/www.resources-roots.com\/fr\/nos-services\/finanz-vermoegensberatung\/#webpage\",\"url\":\"https:\/\/www.resources-roots.com\/fr\/nos-services\/finanz-vermoegensberatung\/\",\"name\":\"Finanz-\/Verm\\u00f6gensberatung - Responsible Resources &amp; Roots Engagement\",\"isPartOf\":{\"@id\":\"https:\/\/www.resources-roots.com\/#website\"},\"datePublished\":\"2015-03-15T17:32:40+00:00\",\"dateModified\":\"2015-03-15T22:11:28+00:00\",\"inLanguage\":\"fr-FR\",\"potentialAction\":[{\"@type\":\"ReadAction\",\"target\":[\"https:\/\/www.resources-roots.com\/fr\/nos-services\/finanz-vermoegensberatung\/\"]}]}]}<\/script>\n<!-- \/ Yoast SEO plugin. -->","_links":{"self":[{"href":"https:\/\/www.resources-roots.com\/fr\/wp-json\/wp\/v2\/pages\/2515"}],"collection":[{"href":"https:\/\/www.resources-roots.com\/fr\/wp-json\/wp\/v2\/pages"}],"about":[{"href":"https:\/\/www.resources-roots.com\/fr\/wp-json\/wp\/v2\/types\/page"}],"author":[{"embeddable":true,"href":"https:\/\/www.resources-roots.com\/fr\/wp-json\/wp\/v2\/users\/3"}],"replies":[{"embeddable":true,"href":"https:\/\/www.resources-roots.com\/fr\/wp-json\/wp\/v2\/comments?post=2515"}],"version-history":[{"count":1,"href":"https:\/\/www.resources-roots.com\/fr\/wp-json\/wp\/v2\/pages\/2515\/revisions"}],"predecessor-version":[{"id":2517,"href":"https:\/\/www.resources-roots.com\/fr\/wp-json\/wp\/v2\/pages\/2515\/revisions\/2517"}],"up":[{"embeddable":true,"href":"https:\/\/www.resources-roots.com\/fr\/wp-json\/wp\/v2\/pages\/187"}],"wp:attachment":[{"href":"https:\/\/www.resources-roots.com\/fr\/wp-json\/wp\/v2\/media?parent=2515"}],"curies":[{"name":"wp","href":"https:\/\/api.w.org\/{rel}","templated":true}]}}