{"id":260,"date":"2013-02-19T16:33:06","date_gmt":"2013-02-19T14:33:06","guid":{"rendered":"http:\/\/dev.resources-roots.com\/team-2-2\/"},"modified":"2020-11-17T02:13:52","modified_gmt":"2020-11-17T00:13:52","slug":"team-2","status":"publish","type":"page","link":"https:\/\/www.resources-roots.com\/fr\/team-2\/","title":{"rendered":"Our Team"},"content":{"rendered":"<p>Integrative with commitment in working together<\/p>\n<h2>Eleni Regli Founder<\/h2>\n<div id=\"attachment_2521\" style=\"width: 326px\" class=\"wp-caption alignleft\"><img aria-describedby=\"caption-attachment-2521\" loading=\"lazy\" class=\"wp-image-2521\" src=\"http:\/\/www.resources-roots.com\/wp-content\/uploads\/2013\/02\/12G_0445.jpg\" alt=\"Economics &amp; Ethics\" width=\"316\" height=\"210\" srcset=\"https:\/\/www.resources-roots.com\/wp-content\/uploads\/2013\/02\/12G_0445.jpg 5238w, https:\/\/www.resources-roots.com\/wp-content\/uploads\/2013\/02\/12G_0445-624x416.jpg 624w, https:\/\/www.resources-roots.com\/wp-content\/uploads\/2013\/02\/12G_0445-800x533.jpg 800w\" sizes=\"(max-width: 316px) 100vw, 316px\" \/><p id=\"caption-attachment-2521\" class=\"wp-caption-text\">Eleni Regli<\/p><\/div>\n<p>&nbsp;<\/p>\n<p>&nbsp;<\/p>\n<p>&nbsp;<\/p>\n<p>&nbsp;<\/p>\n<p>&nbsp;<\/p>\n<p>&nbsp;<\/p>\n<p>30 years of experience in banking and a distinguished reputation in Investment Ethical Research &amp; Advisory. She has been an expert in countries\u2019 credit-risk with UBS Switzerland, Head of Ethics Investment Research &amp; Advisory Department, Director of Investor Relationship Management with INVERA Zurich, and Senior Investor Relationship Manager in Northern Europe with successful performance in project management in business development. Studies in economics &amp; ethics in Zurich, Freiburg i.Br, (Germany), Toronto, Copenhagen, and Edinburgh qualify her as a competent and appreciated expert in economics and sustainable investment business. Eleni \u201c(net)\u201dworks in seven international languages, is committed to philanthropic works, whom she supports with counseling and expertise, plays the violin, is interested in politics, literature and arts and she is a passionate traveller.\u00a0Her professional engagement has a rich potential investor pool in large investment markets in Switzerland, stable international network, best knowledge and connections to Eastern European Markets and Emerging Markets.\u00a0Eleni is committed to charity issues, academic counseling and teaching too. \u00a02010 she founded Responsible Resources &amp; Roots Engagement focussing on Investor Relationship management.<\/p>\n<p>&nbsp;<\/p>\n<h2>Felix Regli (Dr. oec. HSG)<\/h2>\n<p><em>Finance Consulting\u00a0<\/em><\/p>\n<div id=\"attachment_2504\" style=\"width: 337px\" class=\"wp-caption alignleft\"><img aria-describedby=\"caption-attachment-2504\" loading=\"lazy\" class=\"wp-image-2504\" src=\"http:\/\/www.resources-roots.com\/wp-content\/uploads\/2013\/02\/IMG_4212.jpg\" alt=\"IMG_4212\" width=\"327\" height=\"218\" srcset=\"https:\/\/www.resources-roots.com\/wp-content\/uploads\/2013\/02\/IMG_4212.jpg 5184w, https:\/\/www.resources-roots.com\/wp-content\/uploads\/2013\/02\/IMG_4212-624x416.jpg 624w, https:\/\/www.resources-roots.com\/wp-content\/uploads\/2013\/02\/IMG_4212-800x533.jpg 800w\" sizes=\"(max-width: 327px) 100vw, 327px\" \/><p id=\"caption-attachment-2504\" class=\"wp-caption-text\">Dr. Felix Regli<\/p><\/div>\n<p>&nbsp;<\/p>\n<p>&nbsp;<\/p>\n<p>&nbsp;<\/p>\n<p>&nbsp;<\/p>\n<p>&nbsp;<\/p>\n<p>&nbsp;<\/p>\n<p>&nbsp;<\/p>\n<p>Als promovierter Volkswirtschafter (Dr. oec. HSG) bringt Felix Regli eine vier Jahrzehnte lange reichhaltige Erfahrung mit volkswirtschaftlichen Themen (Zinsen, W\u00e4hrungen, Wirtschaftsprognosen etc.), Aktien- und Unternehmensanalysen mit. Er ist ein erfahrener und erfolgreicher Fondsmanager von Aktien-, Obligationen- und gemischten Fonds sowie Kundenbetreuer von Schweizer und internationaler Kundschaft. Seit 2006 hat er sich auch auf den Bereich ethischer und nachhaltiger Geldanlagen spezialisiert. Berufliche Stationen: Schweizerische Bankgesellschaft (UBS), Nordfinanz Bank Z\u00fcrich, Union Bancaire Priv\u00e9e, Dr. H\u00f6ller Verm\u00f6gensverwaltung und INVERA Investment Ethics Research &amp; Advisory AG.<\/p>\n<p>&nbsp;<\/p>\n<p>&nbsp;<\/p>\n<p>&nbsp;<\/p>\n<p>&nbsp;<\/p>\n<p>&nbsp;<\/p>\n<p>&nbsp;<\/p>\n<p>&nbsp;<\/p>\n<p>&nbsp;<\/p>\n<p>&nbsp;<\/p>\n<p>&nbsp;<\/p>\n<p>&nbsp;<\/p>\n<p>&nbsp;<\/p>\n<p>&nbsp;<\/p>\n<h2><\/h2>\n<p>&nbsp;<\/p>\n","protected":false},"excerpt":{"rendered":"<p>Integrative with commitment in working together Eleni Regli Founder &nbsp; &nbsp; &nbsp; &nbsp; &nbsp; &nbsp; 30 years of experience in banking and a distinguished reputation in Investment Ethical Research &amp; Advisory. She has been an expert in countries\u2019 credit-risk with UBS Switzerland, Head of Ethics Investment Research &amp; Advisory Department, Director of Investor Relationship Management [&hellip;]<\/p>\n","protected":false},"author":1,"featured_media":0,"parent":0,"menu_order":0,"comment_status":"closed","ping_status":"closed","template":"","meta":[],"yoast_head":"<!-- This site is optimized with the Yoast SEO plugin v15.5 - https:\/\/yoast.com\/wordpress\/plugins\/seo\/ -->\n<title>Our Team - Responsible Resources &amp; Roots Engagement<\/title>\n<meta name=\"robots\" content=\"index, follow, max-snippet:-1, max-image-preview:large, max-video-preview:-1\" \/>\n<link rel=\"canonical\" href=\"https:\/\/www.resources-roots.com\/fr\/team-2\/\" \/>\n<meta property=\"og:locale\" content=\"fr_FR\" \/>\n<meta property=\"og:type\" content=\"article\" \/>\n<meta property=\"og:title\" content=\"Our Team - Responsible Resources &amp; Roots Engagement\" \/>\n<meta property=\"og:description\" content=\"Integrative with commitment in working together Eleni Regli Founder &nbsp; &nbsp; &nbsp; &nbsp; &nbsp; &nbsp; 30 years of experience in banking and a distinguished reputation in Investment Ethical Research &amp; Advisory. She has been an expert in countries\u2019 credit-risk with UBS Switzerland, Head of Ethics Investment Research &amp; Advisory Department, Director of Investor Relationship Management [&hellip;]\" \/>\n<meta property=\"og:url\" content=\"https:\/\/www.resources-roots.com\/fr\/team-2\/\" \/>\n<meta property=\"og:site_name\" content=\"Responsible Resources &amp; Roots Engagement\" \/>\n<meta property=\"article:modified_time\" content=\"2020-11-17T00:13:52+00:00\" \/>\n<meta property=\"og:image\" content=\"http:\/\/www.resources-roots.com\/wp-content\/uploads\/2013\/02\/12G_0445.jpg\" \/>\n<meta name=\"twitter:label1\" content=\"Dur\u00e9e de lecture est.\">\n\t<meta name=\"twitter:data1\" content=\"1 minute\">\n<script type=\"application\/ld+json\" class=\"yoast-schema-graph\">{\"@context\":\"https:\/\/schema.org\",\"@graph\":[{\"@type\":\"WebSite\",\"@id\":\"https:\/\/www.resources-roots.com\/#website\",\"url\":\"https:\/\/www.resources-roots.com\/\",\"name\":\"Responsible Resources &amp; Roots Engagement\",\"description\":\"Zurich \\u2022 Helsinki \\u2022 Toronto\",\"potentialAction\":[{\"@type\":\"SearchAction\",\"target\":\"https:\/\/www.resources-roots.com\/?s={search_term_string}\",\"query-input\":\"required name=search_term_string\"}],\"inLanguage\":\"fr-FR\"},{\"@type\":\"ImageObject\",\"@id\":\"https:\/\/www.resources-roots.com\/fr\/team-2\/#primaryimage\",\"inLanguage\":\"fr-FR\",\"url\":\"http:\/\/www.resources-roots.com\/wp-content\/uploads\/2013\/02\/12G_0445.jpg\"},{\"@type\":\"WebPage\",\"@id\":\"https:\/\/www.resources-roots.com\/fr\/team-2\/#webpage\",\"url\":\"https:\/\/www.resources-roots.com\/fr\/team-2\/\",\"name\":\"Our Team - Responsible Resources &amp; Roots Engagement\",\"isPartOf\":{\"@id\":\"https:\/\/www.resources-roots.com\/#website\"},\"primaryImageOfPage\":{\"@id\":\"https:\/\/www.resources-roots.com\/fr\/team-2\/#primaryimage\"},\"datePublished\":\"2013-02-19T14:33:06+00:00\",\"dateModified\":\"2020-11-17T00:13:52+00:00\",\"inLanguage\":\"fr-FR\",\"potentialAction\":[{\"@type\":\"ReadAction\",\"target\":[\"https:\/\/www.resources-roots.com\/fr\/team-2\/\"]}]}]}<\/script>\n<!-- \/ Yoast SEO plugin. -->","_links":{"self":[{"href":"https:\/\/www.resources-roots.com\/fr\/wp-json\/wp\/v2\/pages\/260"}],"collection":[{"href":"https:\/\/www.resources-roots.com\/fr\/wp-json\/wp\/v2\/pages"}],"about":[{"href":"https:\/\/www.resources-roots.com\/fr\/wp-json\/wp\/v2\/types\/page"}],"author":[{"embeddable":true,"href":"https:\/\/www.resources-roots.com\/fr\/wp-json\/wp\/v2\/users\/1"}],"replies":[{"embeddable":true,"href":"https:\/\/www.resources-roots.com\/fr\/wp-json\/wp\/v2\/comments?post=260"}],"version-history":[{"count":14,"href":"https:\/\/www.resources-roots.com\/fr\/wp-json\/wp\/v2\/pages\/260\/revisions"}],"predecessor-version":[{"id":3073,"href":"https:\/\/www.resources-roots.com\/fr\/wp-json\/wp\/v2\/pages\/260\/revisions\/3073"}],"wp:attachment":[{"href":"https:\/\/www.resources-roots.com\/fr\/wp-json\/wp\/v2\/media?parent=260"}],"curies":[{"name":"wp","href":"https:\/\/api.w.org\/{rel}","templated":true}]}}