{"id":36,"date":"2013-01-11T11:58:49","date_gmt":"2013-01-11T09:58:49","guid":{"rendered":"http:\/\/dev.resources-roots.com\/?page_id=36"},"modified":"2015-03-16T19:41:41","modified_gmt":"2015-03-16T17:41:41","slug":"home","status":"publish","type":"page","link":"https:\/\/www.resources-roots.com\/fr\/","title":{"rendered":"Bienvenue chez Responsible Resources &#038; Roots Engagement"},"content":{"rendered":"<p>&nbsp;<\/p>\n<p><strong>Responsible Resources &amp; Roots Engagement (3R Engagement) est un bureau sp\u00e9cialis\u00e9 dans le conseil et l\u2019accompagnement des entreprises et des soci\u00e9t\u00e9s dans leurs d\u00e9marches pour une strat\u00e9gie qui engage le succ\u00e8s \u00e9conomique sur le chemin de la responsabilit\u00e9 et de la durabilit\u00e9.<\/strong><\/p>\n<p><img loading=\"lazy\" class=\"alignnone size-full wp-image-118\" src=\"http:\/\/www.resources-roots.com\/wp-content\/uploads\/2013\/01\/baum-quer.jpg\" alt=\"baum-quer\" width=\"630\" height=\"180\" srcset=\"https:\/\/www.resources-roots.com\/wp-content\/uploads\/2013\/01\/baum-quer.jpg 630w, https:\/\/www.resources-roots.com\/wp-content\/uploads\/2013\/01\/baum-quer-624x178.jpg 624w\" sizes=\"(max-width: 630px) 100vw, 630px\" \/><\/p>\n<p>Celui-ci offre \u00e9galement des services pour des clients \u00e0 la recherche de financement pour leurs projets, d\u2019entamer des relations durables pour les investissements par une gestion personnalis\u00e9e des relations avec les investisseurs et leurs partenaires.<\/p>\n<blockquote>\n<h2 style=\"text-align: center;\"><span style=\"color: #99cc00;\">Agissez \u00e9thiquement responsable<\/span><br \/>\n<span style=\"color: #99cc00;\"> avec vos ressources et vos valeurs<\/span><\/h2>\n<\/blockquote>\n<p>En s\u2019appuyant sur la recherche et une forte comp\u00e9tence dans le secteur des investissements durables, 3R s\u2019engage \u00e0 offrir des services innovants avec des outils pertinents pour ces clients \u00e0 la recherche de partenaires financiers.<\/p>\n<p>Entamer et entretenir une relation mutuellement b\u00e9n\u00e9fique entres les entreprises, soci\u00e9t\u00e9s et les investisseurs, est au c\u0153ur de nos pr\u00e9occupations<br \/>\nL\u2019objet de la mise en \u0153uvre d\u2019une relation r\u00e9ussite passe par les services professionnels de relations avec les investisseurs pour Blue-Chips, Small- et Mid-Caps, \u00e9galement pour les \u00e9metteurs d\u2019obligations sur les march\u00e9s internationaux de capitaux.<\/p>\n<p>Nous ciblons sp\u00e9cialement le secteur des services pour les investissements dans la RSE et les march\u00e9s des mati\u00e8res premi\u00e8res sur un r\u00e9seau de clients entre Z\u00fcrich-Helsinki-Toronto.<br \/>\nLe but est de rendre profitable chaque interaction entres les entreprises et leurs investisseurs.<\/p>\n<h2 style=\"text-align: left;\"><em><span style=\"color: #99cc00;\">Notre engagement valorise la relation avec les clients.<\/span><\/em><\/h2>\n<p>La dimension extra-financi\u00e8re est un facteur d\u00e9terminant \u00e0 prendre<br \/>\ndans le processus d\u2019investissement durable, \u00e0 fin de cr\u00e9er une valeur durable.<\/p>\n<p><a class=\"twitter-timeline\" href=\"https:\/\/twitter.com\/EleniRegli\" data-widget-id=\"559827368198410240\">Tweets by @EleniRegli<\/a><br \/>\n<script>\/\/ <![CDATA[\n!function(d,s,id){var js,fjs=d.getElementsByTagName(s)[0],p=\/^http:\/.test(d.location)?'http':'https';if(!d.getElementById(id)){js=d.createElement(s);js.id=id;js.src=p+\":\/\/platform.twitter.com\/widgets.js\";fjs.parentNode.insertBefore(js,fjs);}}(document,\"script\",\"twitter-wjs\");\n\/\/ ]]><\/script><\/p>\n","protected":false},"excerpt":{"rendered":"<p>&nbsp; Responsible Resources &amp; Roots Engagement (3R Engagement) est un bureau sp\u00e9cialis\u00e9 dans le conseil et l\u2019accompagnement des entreprises et des soci\u00e9t\u00e9s dans leurs d\u00e9marches pour une strat\u00e9gie qui engage le succ\u00e8s \u00e9conomique sur le chemin de la responsabilit\u00e9 et de la durabilit\u00e9. Celui-ci offre \u00e9galement des services pour des clients \u00e0 la recherche de [&hellip;]<\/p>\n","protected":false},"author":1,"featured_media":0,"parent":0,"menu_order":0,"comment_status":"closed","ping_status":"closed","template":"","meta":[],"yoast_head":"<!-- This site is optimized with the Yoast SEO plugin v15.5 - https:\/\/yoast.com\/wordpress\/plugins\/seo\/ -->\n<title>Bienvenue - Responsible Resources &amp; Roots Engagement<\/title>\n<meta name=\"robots\" content=\"index, follow, max-snippet:-1, max-image-preview:large, max-video-preview:-1\" \/>\n<link rel=\"canonical\" href=\"https:\/\/www.resources-roots.com\/fr\/\" \/>\n<meta property=\"og:locale\" content=\"fr_FR\" \/>\n<meta property=\"og:type\" content=\"article\" \/>\n<meta property=\"og:title\" content=\"Bienvenue - Responsible Resources &amp; Roots Engagement\" \/>\n<meta property=\"og:description\" content=\"&nbsp; Responsible Resources &amp; Roots Engagement (3R Engagement) est un bureau sp\u00e9cialis\u00e9 dans le conseil et l\u2019accompagnement des entreprises et des soci\u00e9t\u00e9s dans leurs d\u00e9marches pour une strat\u00e9gie qui engage le succ\u00e8s \u00e9conomique sur le chemin de la responsabilit\u00e9 et de la durabilit\u00e9. Celui-ci offre \u00e9galement des services pour des clients \u00e0 la recherche de [&hellip;]\" \/>\n<meta property=\"og:url\" content=\"https:\/\/www.resources-roots.com\/fr\/\" \/>\n<meta property=\"og:site_name\" content=\"Responsible Resources &amp; Roots Engagement\" \/>\n<meta property=\"article:modified_time\" content=\"2015-03-16T17:41:41+00:00\" \/>\n<meta property=\"og:image\" content=\"http:\/\/www.resources-roots.com\/wp-content\/uploads\/2013\/01\/baum-quer.jpg\" \/>\n<meta name=\"twitter:label1\" content=\"Dur\u00e9e de lecture est.\">\n\t<meta name=\"twitter:data1\" content=\"1 minute\">\n<script type=\"application\/ld+json\" class=\"yoast-schema-graph\">{\"@context\":\"https:\/\/schema.org\",\"@graph\":[{\"@type\":\"WebSite\",\"@id\":\"https:\/\/www.resources-roots.com\/#website\",\"url\":\"https:\/\/www.resources-roots.com\/\",\"name\":\"Responsible Resources &amp; Roots Engagement\",\"description\":\"Zurich \\u2022 Helsinki \\u2022 Toronto\",\"potentialAction\":[{\"@type\":\"SearchAction\",\"target\":\"https:\/\/www.resources-roots.com\/?s={search_term_string}\",\"query-input\":\"required name=search_term_string\"}],\"inLanguage\":\"fr-FR\"},{\"@type\":\"ImageObject\",\"@id\":\"https:\/\/www.resources-roots.com\/fr\/#primaryimage\",\"inLanguage\":\"fr-FR\",\"url\":\"http:\/\/www.resources-roots.com\/wp-content\/uploads\/2013\/01\/baum-quer.jpg\"},{\"@type\":\"WebPage\",\"@id\":\"https:\/\/www.resources-roots.com\/fr\/#webpage\",\"url\":\"https:\/\/www.resources-roots.com\/fr\/\",\"name\":\"Bienvenue - Responsible Resources & Roots Engagement\",\"isPartOf\":{\"@id\":\"https:\/\/www.resources-roots.com\/#website\"},\"primaryImageOfPage\":{\"@id\":\"https:\/\/www.resources-roots.com\/fr\/#primaryimage\"},\"datePublished\":\"2013-01-11T09:58:49+00:00\",\"dateModified\":\"2015-03-16T17:41:41+00:00\",\"inLanguage\":\"fr-FR\",\"potentialAction\":[{\"@type\":\"ReadAction\",\"target\":[\"https:\/\/www.resources-roots.com\/fr\/\"]}]}]}<\/script>\n<!-- \/ Yoast SEO plugin. -->","_links":{"self":[{"href":"https:\/\/www.resources-roots.com\/fr\/wp-json\/wp\/v2\/pages\/36"}],"collection":[{"href":"https:\/\/www.resources-roots.com\/fr\/wp-json\/wp\/v2\/pages"}],"about":[{"href":"https:\/\/www.resources-roots.com\/fr\/wp-json\/wp\/v2\/types\/page"}],"author":[{"embeddable":true,"href":"https:\/\/www.resources-roots.com\/fr\/wp-json\/wp\/v2\/users\/1"}],"replies":[{"embeddable":true,"href":"https:\/\/www.resources-roots.com\/fr\/wp-json\/wp\/v2\/comments?post=36"}],"version-history":[{"count":15,"href":"https:\/\/www.resources-roots.com\/fr\/wp-json\/wp\/v2\/pages\/36\/revisions"}],"predecessor-version":[{"id":47,"href":"https:\/\/www.resources-roots.com\/fr\/wp-json\/wp\/v2\/pages\/36\/revisions\/47"}],"wp:attachment":[{"href":"https:\/\/www.resources-roots.com\/fr\/wp-json\/wp\/v2\/media?parent=36"}],"curies":[{"name":"wp","href":"https:\/\/api.w.org\/{rel}","templated":true}]}}