{"id":69,"date":"2013-01-11T12:49:11","date_gmt":"2013-01-11T10:49:11","guid":{"rendered":"http:\/\/dev.resources-roots.com\/?page_id=69"},"modified":"2013-02-28T08:47:16","modified_gmt":"2013-02-28T06:47:16","slug":"about-us-fr","status":"publish","type":"page","link":"https:\/\/www.resources-roots.com\/fr\/about-us-fr\/","title":{"rendered":"Qui sommes-nous"},"content":{"rendered":"<h2>Portrait<\/h2>\n<div id=\"attachment_126\" style=\"width: 160px\" class=\"wp-caption alignleft\"><img aria-describedby=\"caption-attachment-126\" loading=\"lazy\" class=\"size-thumbnail wp-image-126\" alt=\"Eleni Regli, CEO\" src=\"http:\/\/www.resources-roots.com\/wp-content\/uploads\/2013\/01\/eleni-regli-150x150.jpg\" width=\"150\" height=\"150\" \/><p id=\"caption-attachment-126\" class=\"wp-caption-text\">Eleni Regli, CEO<\/p><\/div>\n<p>Notre bureau de consulting, fond\u00e9e en 2010, est sp\u00e9cialis\u00e9 dans la gestion des relations aux investisseurs avec des t\u00e2ches sp\u00e9cifiques dans le domaine de l&rsquo;investissement durable et de la recherche dans les domaines de l&rsquo;\u00e9conomie et de l\u2019\u00e9thique des affaires. Notre d\u00e9nomination vient des deux termes qui dessinent notre engagement en tant que interm\u00e9diaires entre les ressources mat\u00e9rielles et les fondements moraux de nos valeurs \u00e9conomiques et \u00e9thiques en tant que souche ou source de notre prosp\u00e9rit\u00e9.<\/p>\n<p>Responsable Ressources et engagement Roots (3R Engagement) est attach\u00e9 \u00e0 des valeurs \u00e9thiques dans la gestion des relations clients\/ investisseurs.<\/p>\n<p>Chez 3R Engagement l\u2019activit\u00e9 est ax\u00e9e sur la d\u00e9couverte des nouveaux acteurs \u00e9conomiques sur le\u00a0 march\u00e9\u00a0 des investissements durables\u00a0 avec un appui particulier sur le d\u00e9veloppement de la d\u00e9marche entrepreneuriale \u00e9thiquement responsable dans les industries extractives.<br \/>\nNous r\u00e9pondons aux\u00a0 besoins des clients avec une gamme de services visant \u00e0 promouvoir l&rsquo;interaction entre les professionnels des relations investisseurs, la communaut\u00e9 des finances et de l&rsquo;int\u00e9r\u00eat public au sens large. Pertinentes consid\u00e9rations sur le concept de la durabilit\u00e9 soutiennent nos relations avec la client\u00e8le.<br \/>\n3R Engagement organise et anime des pr\u00e9sentations, des r\u00e9unions one-on-one, des tables rondes, des ateliers, des s\u00e9minaires et des s\u00e9ances de formation dans le cadre de conseil scientifique sur des sujets relatifs \u00e0 l&rsquo;\u00e9thique d&rsquo;entreprise et de l&rsquo;investissement.<br \/>\nNotre engagement comprend principalement des r\u00e9seaux en Suisse, en Finlande et au Canada. Notre si\u00e8ge social se trouve en Suisse.<br \/>\nUne riche exp\u00e9rience professionnelle, engendr\u00e9e d\u2019une comp\u00e9tence bien \u00e9prouv\u00e9e, valorise nos services en consultation interdisciplinaire dans les processus de la relation client\/investisseur. Nous offrons des solutions personnalis\u00e9es pour les investisseurs et les entreprises, afin d&rsquo;\u00e9viter les risques et accroitre les b\u00e9n\u00e9fices avec une dimension de responsabilit\u00e9 sociale et environnementale.<\/p>\n<p><strong>Responsable Ressources et Roots\u00a0 Engagement &#8211;\u00a0 un investisseur individuel et personnel de la gestion des relations clients avec une approche \u00e9thique<\/strong><\/p>\n<blockquote><p>Personnellement et individuellement nous vous pr\u00e9sentons les solutions optimales.<\/p><\/blockquote>\n<h2>Nos valeurs<\/h2>\n<p>Notre entreprise suit une boussole aux grands principes :<br \/>\nLe client et ses droits individuels sont au c\u0153ur de notre engagement. Nous investissons le temps n\u00e9cessaire, des comp\u00e9tences et le r\u00e9seau des contactes pour un servir individuellement et personnellement nos\u00a0 clients.<\/p>\n<ul>\n<li>Agir hautement responsable et en grand respect ; \u00eatre toujours fiable est notre force.<\/li>\n<li>L\u2018ind\u00e9pendance et la disponibilit\u00e9 sont les atouts de notre expertise. Moins de clients qu\u2019un expert dans un grand r\u00e9seau, mais plus des conseils personnalis\u00e9s.<\/li>\n<li>\u00ab Best Practice \u00bb est notre devise. La\u00a0 haute qualit\u00e9 et le professionnalisme de nos services sont facteurs d\u00e9terminants de notre pr\u00e9sence sur le march\u00e9.<\/li>\n<li>L&rsquo;int\u00e9grit\u00e9 et des normes \u00e9thiques pr\u00e9cises sont les principes directeurs dans nos rapports avec nos clients.<\/li>\n<li>L&rsquo;\u00e9quit\u00e9 et la pr\u00e9vention des conflits d&rsquo;int\u00e9r\u00eats sont fort ancr\u00e9es. Le dialogue corrige toujours les maladresses et fait revenir la bonne entente.<\/li>\n<li>L&rsquo;ind\u00e9pendance et l&rsquo;autonomie sont tr\u00e8s importantes pour nous. Elles sont le r\u00e9sultat\u00a0 de nombreuses ann\u00e9es d&rsquo;exp\u00e9rience professionnelle ; chaque client a le droit d&rsquo;un traitement\/service personnalis\u00e9 \u00e9lev\u00e9 et d\u2019un conseil ind\u00e9pendant.<\/li>\n<\/ul>\n<h2>Notre engagement social<\/h2>\n<p>Responsable Resources &amp; Roots Engagement est engag\u00e9 dans le domaine culturel et sociale. Nous attachons une grande importance \u00e0 la r\u00e9f\u00e9rence personnelle.<\/p>\n<p><strong>Les Violons de Loreto, l&rsquo;Argentine, l&rsquo;\u00e9ducation &#8211; \u00e9ducation &#8211; sur une corde de violon<\/strong><br \/>\nSantiago del Estero est l&rsquo;une des provinces les plus pauvres de l&rsquo;Argentine, Donner des cours de musique pour les enfants est une r\u00e9alit\u00e9 seulement pour les privil\u00e9gi\u00e9s. Profond\u00e9ment ancr\u00e9 reste dans cette r\u00e9gion\u00a0 la culture quotidienne du folklore. Tous les enfants connaissent les chants et les danses. Dans chaque maison il y a une guitare ou Bombo. Parmi les principaux instruments du folklore (Chacarera, Zamba, Escondido, etc.), \u00e0 part de la guitare, sont le bombo, la haute voix et bien s\u00fbr le violon. Cependant, il manque dans le pays les instruments pour les enfants et les enseignants du violon.<br \/>\nLoreto est situ\u00e9 \u00e0 environ 70 kilom\u00e8tres de la capitale de province argentine de Santiago del Estero. La zone n&rsquo;est pas du tout le paradis pour les violons d\u2019enfant. La plupart des habitants sont d\u00e9munis, et ont encore moins les moyens de payer un professeur de violon pour leurs enfants ou\u00a0 pour acheter un violon.<br \/>\nDeux professeurs de violon \u00e9nergiques et fougueux musiciens de tango de la ville de Bale Irma Gross et Caroline Fahrni ont appel\u00e9 \u00e0 l&rsquo;aide en 2010 pour le projet d\u2019accompagnement de ces enfants avec violons et accessoires, mat\u00e9riel p\u00e9dagogique, volontariat des professeurs et musiciens. Le projet vient aux besoins de l\u2019\u00e9ducation par la musique des enfants des familles d\u00e9munies.<\/p>\n<p><strong>Le Pain Bio: Saint-Jean de la Mission de compassion, Toronto &#8211; La mission dans la ville, un foyer pour tous<\/strong><br \/>\n<em>L\u2019Emotion dans la dynamique durable de l\u2019action humaine dans &lsquo;environnement de bienfaisance \u00e0 titre d&rsquo;exemple.<\/em><\/p>\n<p>Dans le Vieux-Toronto, entre la rue Queen Est et Dundas Est, \u00e0 155 Broadview Avenue, une belle maison accueille depuis 1987 des invit\u00e9s pas habituels. The <a href=\"http:\/\/www.stjohnsmission.org\" target=\"_blank\">St. John the Compassionate Mission <\/a>accueille chaque jour et offre aux sans-abris et aux \u00e9gares de la bonne destin\u00e9 de la r\u00e9gion du Grand Toronto le lieu et les moyens \u00e0 retrouver le sens de la vie en toute dignit\u00e9, sous les regards les gestes riches en amour sollicitude des volontaires sociaux.<br \/>\nOutre les repas r\u00e9guliers et les consultations individuelles, les personnes, en qu\u00eate d\u2019une retrouvaille valorisante de soi, ont ici la chance de recevoir les outils et le savoir-faire pour une vie meilleure: \u00ab Aider une personne c\u2019est lui donner de la possibilit\u00e9 d&rsquo;avancer, de travailler\u00a0\u00bb (Fr. Roberto Ubertino, Pr\u00e9sident). Dans la boulangerie de St. John des personnes rel\u00e2ch\u00e9es de la prison voisine, ou des personnes qui se trouvent dans un parcours des programmes d&rsquo;int\u00e9gration, ou des ch\u00f4meurs de longue dur\u00e9e, tous apprennent \u00e0 faire cuire le meilleur pain bio et les plus savoureuses p\u00e2tisseries fran\u00e7aises de Toronto. L\u2019engagement sociale \u00e0 haute\u00a0 motivation des volontaires, qui passent leurs vacances, ou simplement leur temps libre, en travaillant chez cette mission, valorise concr\u00e8tement les dons annuels qui arrivent pour soulager ce c\u00f4t\u00e9 sombre de la vie dans la m\u00e9tropole au bord du Lac Ontario, comme un soupir de la philosophie philanthropique. \u00ab Une th\u00e9rapie au-del\u00e0 des mots. \u00bb<\/p>\n<p><em>Compatir et agir\u00a0 durablement dans l&rsquo;environnement de bienfaisance \u00e0 titre d&rsquo;exemple.<\/em><\/p>\n","protected":false},"excerpt":{"rendered":"<p>Portrait Notre bureau de consulting, fond\u00e9e en 2010, est sp\u00e9cialis\u00e9 dans la gestion des relations aux investisseurs avec des t\u00e2ches sp\u00e9cifiques dans le domaine de l&rsquo;investissement durable et de la recherche dans les domaines de l&rsquo;\u00e9conomie et de l\u2019\u00e9thique des affaires. Notre d\u00e9nomination vient des deux termes qui dessinent notre engagement en tant que interm\u00e9diaires [&hellip;]<\/p>\n","protected":false},"author":1,"featured_media":0,"parent":0,"menu_order":0,"comment_status":"closed","ping_status":"closed","template":"","meta":[],"yoast_head":"<!-- This site is optimized with the Yoast SEO plugin v15.5 - https:\/\/yoast.com\/wordpress\/plugins\/seo\/ -->\n<title>Qui sommes-nous - Responsible Resources &amp; Roots Engagement<\/title>\n<meta name=\"robots\" content=\"index, follow, max-snippet:-1, max-image-preview:large, max-video-preview:-1\" \/>\n<link rel=\"canonical\" href=\"https:\/\/www.resources-roots.com\/fr\/about-us-fr\/\" \/>\n<meta property=\"og:locale\" content=\"fr_FR\" \/>\n<meta property=\"og:type\" content=\"article\" \/>\n<meta property=\"og:title\" content=\"Qui sommes-nous - Responsible Resources &amp; Roots Engagement\" \/>\n<meta property=\"og:description\" content=\"Portrait Notre bureau de consulting, fond\u00e9e en 2010, est sp\u00e9cialis\u00e9 dans la gestion des relations aux investisseurs avec des t\u00e2ches sp\u00e9cifiques dans le domaine de l&rsquo;investissement durable et de la recherche dans les domaines de l&rsquo;\u00e9conomie et de l\u2019\u00e9thique des affaires. Notre d\u00e9nomination vient des deux termes qui dessinent notre engagement en tant que interm\u00e9diaires [&hellip;]\" \/>\n<meta property=\"og:url\" content=\"https:\/\/www.resources-roots.com\/fr\/about-us-fr\/\" \/>\n<meta property=\"og:site_name\" content=\"Responsible Resources &amp; Roots Engagement\" \/>\n<meta property=\"article:modified_time\" content=\"2013-02-28T06:47:16+00:00\" \/>\n<meta property=\"og:image\" content=\"http:\/\/www.resources-roots.com\/wp-content\/uploads\/2013\/01\/eleni-regli-150x150.jpg\" \/>\n<meta name=\"twitter:label1\" content=\"Dur\u00e9e de lecture est.\">\n\t<meta name=\"twitter:data1\" content=\"4 minutes\">\n<script type=\"application\/ld+json\" class=\"yoast-schema-graph\">{\"@context\":\"https:\/\/schema.org\",\"@graph\":[{\"@type\":\"WebSite\",\"@id\":\"https:\/\/www.resources-roots.com\/#website\",\"url\":\"https:\/\/www.resources-roots.com\/\",\"name\":\"Responsible Resources &amp; Roots Engagement\",\"description\":\"Zurich \\u2022 Helsinki \\u2022 Toronto\",\"potentialAction\":[{\"@type\":\"SearchAction\",\"target\":\"https:\/\/www.resources-roots.com\/?s={search_term_string}\",\"query-input\":\"required name=search_term_string\"}],\"inLanguage\":\"fr-FR\"},{\"@type\":\"ImageObject\",\"@id\":\"https:\/\/www.resources-roots.com\/fr\/about-us-fr\/#primaryimage\",\"inLanguage\":\"fr-FR\",\"url\":\"http:\/\/www.resources-roots.com\/wp-content\/uploads\/2013\/01\/eleni-regli-150x150.jpg\"},{\"@type\":\"WebPage\",\"@id\":\"https:\/\/www.resources-roots.com\/fr\/about-us-fr\/#webpage\",\"url\":\"https:\/\/www.resources-roots.com\/fr\/about-us-fr\/\",\"name\":\"Qui sommes-nous - Responsible Resources &amp; Roots Engagement\",\"isPartOf\":{\"@id\":\"https:\/\/www.resources-roots.com\/#website\"},\"primaryImageOfPage\":{\"@id\":\"https:\/\/www.resources-roots.com\/fr\/about-us-fr\/#primaryimage\"},\"datePublished\":\"2013-01-11T10:49:11+00:00\",\"dateModified\":\"2013-02-28T06:47:16+00:00\",\"inLanguage\":\"fr-FR\",\"potentialAction\":[{\"@type\":\"ReadAction\",\"target\":[\"https:\/\/www.resources-roots.com\/fr\/about-us-fr\/\"]}]}]}<\/script>\n<!-- \/ Yoast SEO plugin. -->","_links":{"self":[{"href":"https:\/\/www.resources-roots.com\/fr\/wp-json\/wp\/v2\/pages\/69"}],"collection":[{"href":"https:\/\/www.resources-roots.com\/fr\/wp-json\/wp\/v2\/pages"}],"about":[{"href":"https:\/\/www.resources-roots.com\/fr\/wp-json\/wp\/v2\/types\/page"}],"author":[{"embeddable":true,"href":"https:\/\/www.resources-roots.com\/fr\/wp-json\/wp\/v2\/users\/1"}],"replies":[{"embeddable":true,"href":"https:\/\/www.resources-roots.com\/fr\/wp-json\/wp\/v2\/comments?post=69"}],"version-history":[{"count":5,"href":"https:\/\/www.resources-roots.com\/fr\/wp-json\/wp\/v2\/pages\/69\/revisions"}],"predecessor-version":[{"id":79,"href":"https:\/\/www.resources-roots.com\/fr\/wp-json\/wp\/v2\/pages\/69\/revisions\/79"}],"wp:attachment":[{"href":"https:\/\/www.resources-roots.com\/fr\/wp-json\/wp\/v2\/media?parent=69"}],"curies":[{"name":"wp","href":"https:\/\/api.w.org\/{rel}","templated":true}]}}